{"id":162,"date":"2022-03-24T11:59:10","date_gmt":"2022-03-24T10:59:10","guid":{"rendered":"https:\/\/henriettejankow.de\/?page_id=162"},"modified":"2022-12-06T10:21:06","modified_gmt":"2022-12-06T09:21:06","slug":"willkommen","status":"publish","type":"page","link":"https:\/\/henriettejankow.de\/de_de\/","title":{"rendered":"Start"},"content":{"rendered":"<div data-vc-full-width=\"true\" data-vc-full-width-init=\"false\" class=\"vc_row wpb_row vc_row-fluid vc_custom_1650056370326 wpex-relative wpex-vc_row-has-fill wpex-vc-row-stretched\"><div class=\"wpb_column vc_column_container vc_col-sm-12\"><div class=\"vc_column-inner\"><div class=\"wpb_wrapper\"><div class=\"vcex-spacing wpex-w-100 wpex-clear\" style=\"height:15px;\"><\/div><div class=\"vcex-spacing wpex-w-100 wpex-clear\" style=\"height:15px;\"><\/div><div class=\"vc_empty_space\"   style=\"height: 32px\"><span class=\"vc_empty_space_inner\"><\/span><\/div><div class=\"vc_empty_space\"   style=\"height: 32px\"><span class=\"vc_empty_space_inner\"><\/span><\/div><style>.vcex-heading.vcex_69d8c03788970{color:#ffffff;font-size:40px;font-family:Montserrat;font-weight:500;}@media (max-width:1024px){.vcex-heading.vcex_69d8c03788970{font-size:40px;}}@media (max-width:959px){.vcex-heading.vcex_69d8c03788970{font-size:40px;}}@media (max-width:767px){.vcex-heading.vcex_69d8c03788970{font-size:30px;}}@media (max-width:479px){.vcex-heading.vcex_69d8c03788970{font-size:30px;}}<\/style><div class=\"vcex-heading vcex-heading-plain vcex-module wpex-heading wpex-text-2xl vcex_69d8c03788970\"><span class=\"vcex-heading-inner wpex-inline-block\">\"There is freedom waiting for you on the breezes of the sky. And you ask 'what if I fall? ' Oh but my darling, what if you fly?\"<\/span><\/div>\n\t<div style=\"color:#6f6c9e;font-family:Montserrat;font-size:14px;text-align:end;\" class=\"wpb_text_column has-custom-color wpex-child-inherit-color wpb_content_element  vc_custom_1650395178083\" >\n\t\t<div class=\"wpb_wrapper\">\n\t\t\t<p style=\"text-align: left;\"><span style=\"font-size: 18px;\">Erin Hanson<br \/>\n<\/span><\/p>\n\n\t\t<\/div>\n\t<\/div>\n<\/div><\/div><\/div><\/div><div class=\"vc_row-full-width vc_clearfix\"><\/div><div class=\"vc_row wpb_row vc_row-fluid vc_custom_1650461416355 wpex-relative wpex-vc_row-has-fill no-bottom-margins wpex-vc-reset-negative-margin\"><div class=\"wpb_column vc_column_container vc_col-sm-12\"><div class=\"vc_column-inner\"><div class=\"wpb_wrapper\"><style>.vcex-heading.vcex_69d8c0378af77{width:700px;color:#bb7db2;font-size:45px;font-family:Montserrat;font-weight:500;}@media (max-width:1024px){.vcex-heading.vcex_69d8c0378af77{font-size:45px;}}@media (max-width:959px){.vcex-heading.vcex_69d8c0378af77{font-size:45px;}}@media (max-width:767px){.vcex-heading.vcex_69d8c0378af77{font-size:30px;}}@media (max-width:479px){.vcex-heading.vcex_69d8c0378af77{font-size:30px;}}<\/style><h3 class=\"vcex-heading vcex-heading-plain vcex-module wpex-heading wpex-text-2xl wpex-max-w-100 wpex-mr-auto vc_custom_1650461564259 vcex_69d8c0378af77\"><span class=\"vcex-heading-inner wpex-inline-block\">Sie sind auf der Suche nach einem Ort, wo Sie...<\/span><\/h3><div class=\"vcex-spacing wpex-w-100 wpex-clear\" style=\"height:60px;\"><\/div><div class=\"vcex-grid-container vcex-module wpex-grid wpex-gap-20 wpex-grid-cols-1 wpex-md-grid-cols-2 wpex-lg-grid-cols-3 vc_custom_1650360031523\" style=\"gap:50px;\"><style>.vcex-list_item.vcex_69d8c0378b731{font-size:16px;font-family:Montserrat;font-weight:500;color:#bb7db2;}.vcex-list_item.vcex_69d8c0378b731 .vcex-list-item-icon-inner{color:#6f69ce;background:#e9edfa;font-size:25px;border-radius:20px;width:40px;height:40px;}<\/style><div class=\"vcex-list_item vcex-module wpex-m-0 wpex-max-w-100 wpex-mb-5 vcex_69d8c0378b731\"><div class=\"vcex-list-item-inner wpex-inline-flex wpex-flex-no-wrap wpex-items-center\"><div class=\"vcex-list-item-icon wpex-mr-15\"><div class=\"vcex-list-item-icon-inner vcex-icon-wrap wpex-inline-flex wpex-justify-center wpex-items-center wpex-leading-none wpex-child-inherit-color\"><span aria-hidden=\"true\" class=\"vc-material vc-material-check\"><\/span><\/div><\/div><div class=\"vcex-list-item-text vcex-content wpex-flex-grow\">&#8230;neue Perspektiven gewinnen?<\/div><\/div><\/div><style>.vcex-list_item.vcex_69d8c0378bcea{font-size:16px;font-family:Montserrat;font-weight:500;color:#bb7db2;}.vcex-list_item.vcex_69d8c0378bcea .vcex-list-item-icon-inner{color:#6f69ce;background:#e9edfa;font-size:25px;border-radius:20px;width:40px;height:40px;}<\/style><div class=\"vcex-list_item vcex-module wpex-m-0 wpex-max-w-100 wpex-mb-5 vcex_69d8c0378bcea\"><div class=\"vcex-list-item-inner wpex-inline-flex wpex-flex-no-wrap wpex-items-center\"><div class=\"vcex-list-item-icon wpex-mr-15\"><div class=\"vcex-list-item-icon-inner vcex-icon-wrap wpex-inline-flex wpex-justify-center wpex-items-center wpex-leading-none wpex-child-inherit-color\"><span aria-hidden=\"true\" class=\"vc-material vc-material-check\"><\/span><\/div><\/div><div class=\"vcex-list-item-text vcex-content wpex-flex-grow\">&#8230;widerspr\u00fcchliche Gedanken und Gef\u00fchle in einen Dialog bringen?<\/div><\/div><\/div><style>.vcex-list_item.vcex_69d8c0378c270{font-size:16px;font-family:Montserrat;font-weight:500;color:#bb7db2;}.vcex-list_item.vcex_69d8c0378c270 .vcex-list-item-icon-inner{color:#6f69ce;background:#e9edfa;font-size:25px;border-radius:20px;width:40px;height:40px;}<\/style><div class=\"vcex-list_item vcex-module wpex-m-0 wpex-max-w-100 wpex-mb-5 vcex_69d8c0378c270\"><div class=\"vcex-list-item-inner wpex-inline-flex wpex-flex-no-wrap wpex-items-center\"><div class=\"vcex-list-item-icon wpex-mr-15\"><div class=\"vcex-list-item-icon-inner vcex-icon-wrap wpex-inline-flex wpex-justify-center wpex-items-center wpex-leading-none wpex-child-inherit-color\"><span aria-hidden=\"true\" class=\"vc-material vc-material-check\"><\/span><\/div><\/div><div class=\"vcex-list-item-text vcex-content wpex-flex-grow\">&#8230;Ihre Ressourcen erkennen und nutzen?<\/div><\/div><\/div><style>.vcex-list_item.vcex_69d8c0378c7f9{font-size:16px;font-family:Montserrat;font-weight:500;color:#bb7db2;}.vcex-list_item.vcex_69d8c0378c7f9 .vcex-list-item-icon-inner{color:#6f69ce;background:#e9edfa;font-size:25px;border-radius:20px;width:40px;height:40px;}<\/style><div class=\"vcex-list_item vcex-module wpex-m-0 wpex-max-w-100 wpex-mb-5 vcex_69d8c0378c7f9\"><div class=\"vcex-list-item-inner wpex-inline-flex wpex-flex-no-wrap wpex-items-center\"><div class=\"vcex-list-item-icon wpex-mr-15\"><div class=\"vcex-list-item-icon-inner vcex-icon-wrap wpex-inline-flex wpex-justify-center wpex-items-center wpex-leading-none wpex-child-inherit-color\"><span aria-hidden=\"true\" class=\"vc-material vc-material-check\"><\/span><\/div><\/div><div class=\"vcex-list-item-text vcex-content wpex-flex-grow\">&#8230;zu mehr Balance in Ihrem Leben kommen?<\/div><\/div><\/div><style>.vcex-list_item.vcex_69d8c0378cd78{font-size:16px;font-family:Montserrat;font-weight:500;color:#bb7db2;}.vcex-list_item.vcex_69d8c0378cd78 .vcex-list-item-icon-inner{color:#6f69ce;background:#e9edfa;font-size:25px;border-radius:20px;width:40px;height:40px;}<\/style><div class=\"vcex-list_item vcex-module wpex-m-0 wpex-max-w-100 wpex-mb-5 vcex_69d8c0378cd78\"><div class=\"vcex-list-item-inner wpex-inline-flex wpex-flex-no-wrap wpex-items-center\"><div class=\"vcex-list-item-icon wpex-mr-15\"><div class=\"vcex-list-item-icon-inner vcex-icon-wrap wpex-inline-flex wpex-justify-center wpex-items-center wpex-leading-none wpex-child-inherit-color\"><span aria-hidden=\"true\" class=\"vc-material vc-material-check\"><\/span><\/div><\/div><div class=\"vcex-list-item-text vcex-content wpex-flex-grow\">&#8230;wieder in Ihre Kraft finden?<\/div><\/div><\/div><style>.vcex-list_item.vcex_69d8c0378d2f5{font-size:16px;font-family:Montserrat;font-weight:500;color:#bb7db2;}.vcex-list_item.vcex_69d8c0378d2f5 .vcex-list-item-icon-inner{color:#6f69ce;background:#e9edfa;font-size:25px;border-radius:20px;width:40px;height:40px;}<\/style><div class=\"vcex-list_item vcex-module wpex-m-0 wpex-max-w-100 wpex-mb-5 vcex_69d8c0378d2f5\"><div class=\"vcex-list-item-inner wpex-inline-flex wpex-flex-no-wrap wpex-items-center\"><div class=\"vcex-list-item-icon wpex-mr-15\"><div class=\"vcex-list-item-icon-inner vcex-icon-wrap wpex-inline-flex wpex-justify-center wpex-items-center wpex-leading-none wpex-child-inherit-color\"><span aria-hidden=\"true\" class=\"vc-material vc-material-check\"><\/span><\/div><\/div><div class=\"vcex-list-item-text vcex-content wpex-flex-grow\">&#8230;den f\u00fcr Sie passenden n\u00e4chsten Schritt erkunden?<\/div><\/div><\/div><\/div><\/div><\/div><\/div><\/div><div class=\"vc_row wpb_row vc_row-fluid vc_custom_1650034588279 wpex-relative wpex-vc_row-has-fill wpex-vc-reset-negative-margin\"><div class=\"wpb_column vc_column_container vc_col-sm-6\"><div class=\"vc_column-inner\"><div class=\"wpb_wrapper\">\n\t<div  class=\"wpb_single_image wpb_content_element vc_align_center  vc_custom_1650531862882\">\n\t\t\n\t\t<figure class=\"wpb_wrapper vc_figure\">\n\t\t\t<div class=\"vc_single_image-wrapper   vc_box_border_grey\"><img class=\"vc_single_image-img \" src=\"https:\/\/henriettejankow.de\/wp-content\/uploads\/2022\/04\/Henriette_07_cropped-scaled-400x500.jpg\" width=\"400\" height=\"500\" alt=\"Henriette_07_cropped\" title=\"Henriette_07_cropped\" \/><\/div>\n\t\t<\/figure>\n\t<\/div>\n\n\t<div style=\"font-family:Montserrat;font-size:12px;font-weight:700;text-align:center;\" class=\"wpb_text_column wpb_content_element  vc_custom_1670318375959\" >\n\t\t<div class=\"wpb_wrapper\">\n\t\t\t<p>M.A. Kulturwissenschaften<br \/>\nSystemische Beraterin und Therapeutin<br \/>\nHeilpraktikerin f\u00fcr Psychotherapie<\/p>\n\n\t\t<\/div>\n\t<\/div>\n<style>.vcex-button.vcex_69d8c0378e933{background:#bb7db2;font-family:Montserrat;font-size:18px;font-weight:500;}<\/style><div class=\"vc_custom_1670318409193 wpex-clr\"><div class=\"theme-button-wrap textcenter wpex-clr\"><a href=\"https:\/\/henriettejankow.de\/ueber-mich\/\" class=\"vcex-button theme-button graphical grey align-center inline vcex_69d8c0378e933\" rel=\"nofollow\"><span class=\"vcex-button-inner theme-button-inner wpex-flex wpex-flex-wrap wpex-items-center wpex-justify-center\">\u00dcber mich<\/span><\/a><\/div><\/div> <\/div><\/div><\/div><div class=\"wpb_column vc_column_container vc_col-sm-6\"><div class=\"vc_column-inner\"><div class=\"wpb_wrapper\">\n\t<div style=\"color:#6f69ce;font-family:Montserrat;font-size:21px;\" class=\"wpb_text_column has-custom-color wpex-child-inherit-color wpb_content_element  vc_custom_1650531943710\" >\n\t\t<div class=\"wpb_wrapper\">\n\t\t\t<p><span style=\"font-size: 21px;\">Hallo. Ich bin Henriette Jankow.<\/span><\/p>\n<p><span style=\"font-size: 21px;\">Als systemische Beraterin und Therapeutin begleite ich SIE mit viel Neugier, Empathie und Offenheit f\u00fcr Ihre Lebens- und Identit\u00e4tsentw\u00fcrfe in Ihren Erkundungs- und Entwicklungsprozessen.<\/span><\/p>\n<p style=\"text-align: left;\"><span style=\"font-size: 21px;\">ICH bin hier, um den Raum zu \u00f6ffnen und zu halten, in dem Sie angstfrei Neues in Fragen der beruflichen oder der privaten Lebens- und Beziehungsgestaltung ausprobieren k\u00f6nnen. Dabei biete ich Ihnen sowohl Struktur f\u00fcr die planvolle Umsetzung Ihrer Ziele als auch einen gesch\u00fctzten Ort, an dem Sie den Blick nach innen wenden k\u00f6nnen.<br \/>\nVieles ist m\u00f6glich. Sie bestimmen die Richtung und das Tempo.<\/span><\/p>\n\n\t\t<\/div>\n\t<\/div>\n<\/div><\/div><\/div><\/div><div class=\"vc_row wpb_row vc_row-fluid vc_custom_1650532008789 wpex-relative wpex-vc_row-has-fill wpex-vc-reset-negative-margin\"><div class=\"wpb_column vc_column_container vc_col-sm-12\"><div class=\"vc_column-inner\"><div class=\"wpb_wrapper\"><style>.vcex-heading.vcex_69d8c0378f3de{color:#6f69ce;font-size:45px;font-family:Montserrat;font-weight:500;}@media (max-width:1024px){.vcex-heading.vcex_69d8c0378f3de{font-size:45px;}}@media (max-width:959px){.vcex-heading.vcex_69d8c0378f3de{font-size:45px;}}@media (max-width:767px){.vcex-heading.vcex_69d8c0378f3de{font-size:30px;}}@media (max-width:479px){.vcex-heading.vcex_69d8c0378f3de{font-size:30px;}}<\/style><div class=\"vcex-heading vcex-heading-plain vcex-module wpex-heading wpex-text-2xl wpex-text-center vcex_69d8c0378f3de\"><a href=\"https:\/\/henriettejankow.de\/angebot\/\" class=\"wpex-no-underline wpex-inherit-color-important\" title=\"Angebot\" target=\"_self\" rel=\"nofollow\"><span class=\"vcex-heading-inner wpex-inline-block vc_custom_1650461586616\">Mein Angebotsspektrum<\/span><\/a><\/div><div class=\"vc_row wpb_row vc_inner vc_row-fluid vc_custom_1650531510120 wpex-relative\"><div class=\"wpb_column vc_column_container vc_col-sm-3\"><div class=\"vc_column-inner\"><div class=\"wpb_wrapper\"><style>.vcex-image-banner.vcex_69d8c0378fdbc .vcex-ib-title{font-family:Montserrat;font-weight:500;}<\/style><a class=\"vcex-module vcex-image-banner vcex-image-banner-has-link wpex-no-underline local-scroll-link wpex-flex wpex-flex-col wpex-w-100 wpex-justify-center wpex-relative wpex-overflow-hidden wpex-bg-gray-900 wpex-text-white wpex-hover-text-white wpex-text-center vcex_69d8c0378fdbc\" href=\"https:\/\/henriettejankow.de\/systemische-beratung\/\"><span class=\"vcex-ib-img wpex-block wpex-transition-all wpex-duration-500 wpex-bg-cover wpex-absolute wpex-inset-0\" style=\"background-image:url(https:\/\/henriettejankow.de\/wp-content\/uploads\/2022\/03\/pexels-emiliano-arano-1298684-scaled.jpg);\"><\/span><div class=\"vcex-ib-overlay wpex-absolute wpex-inset-0 wpex-transition-all wpex-duration-500\"><div class=\"vcex-ib-overlay-bg wpex-absolute wpex-inset-0 wpex-bg-black wpex-opacity-30\"><\/div><\/div><div class=\"vcex-ib-content-wrap wpex-w-100 wpex-transition-all wpex-duration-500 wpex-py-100 wpex-px-40 wpex-relative\"><div class=\"vcex-ib-content wpex-mx-auto\"><div class=\"vcex-ib-title wpex-heading wpex-inherit-color-important\">Systemische Beratung<\/div><div class=\"vcex-ib-caption wpex-text-lg wpex-last-mb-0\">im Alltag wieder handlungsf\u00e4hig werden...und bleiben<\/div><\/div><\/div><\/a><\/div><\/div><\/div><div class=\"wpb_column vc_column_container vc_col-sm-3\"><div class=\"vc_column-inner\"><div class=\"wpb_wrapper\"><style>.vcex-image-banner.vcex_69d8c0379103b .vcex-ib-title{font-family:Montserrat;font-weight:500;}.vcex-image-banner.vcex_69d8c0379103b .vcex-ib-caption{font-family:Montserrat;}<\/style><a class=\"vcex-module vcex-image-banner vcex-image-banner-has-link wpex-no-underline local-scroll-link wpex-flex wpex-flex-col wpex-w-100 wpex-justify-center wpex-relative wpex-overflow-hidden wpex-bg-gray-900 wpex-text-white wpex-hover-text-white wpex-text-center vcex_69d8c0379103b\" href=\"https:\/\/henriettejankow.de\/systemisches-coaching\/\"><span class=\"vcex-ib-img wpex-block wpex-transition-all wpex-duration-500 wpex-bg-cover wpex-absolute wpex-inset-0\" style=\"background-image:url(https:\/\/henriettejankow.de\/wp-content\/uploads\/2022\/04\/pexels-dale-brooks-954662-scaled.jpg);\"><\/span><div class=\"vcex-ib-overlay wpex-absolute wpex-inset-0 wpex-transition-all wpex-duration-500\"><div class=\"vcex-ib-overlay-bg wpex-absolute wpex-inset-0 wpex-bg-black wpex-opacity-30\"><\/div><\/div><div class=\"vcex-ib-content-wrap wpex-w-100 wpex-transition-all wpex-duration-500 wpex-py-100 wpex-px-40 wpex-relative\"><div class=\"vcex-ib-content wpex-mx-auto\"><div class=\"vcex-ib-title wpex-heading wpex-inherit-color-important\">Systemisches Coaching<\/div><div class=\"vcex-ib-caption wpex-text-lg wpex-last-mb-0\">Visionen f\u00fcr die (berufliche) Zukunft entwickeln<\/div><\/div><\/div><\/a><\/div><\/div><\/div><div class=\"wpb_column vc_column_container vc_col-sm-3\"><div class=\"vc_column-inner\"><div class=\"wpb_wrapper\"><style>.vcex-image-banner.vcex_69d8c03792547 .vcex-ib-title{font-family:Montserrat;font-weight:500;}.vcex-image-banner.vcex_69d8c03792547 .vcex-ib-caption{font-family:Montserrat;}<\/style><a class=\"vcex-module vcex-image-banner vcex-image-banner-has-link wpex-no-underline local-scroll-link wpex-flex wpex-flex-col wpex-w-100 wpex-justify-center wpex-relative wpex-overflow-hidden wpex-bg-gray-900 wpex-text-white wpex-hover-text-white wpex-text-center vcex_69d8c03792547\" href=\"https:\/\/henriettejankow.de\/systemische-therapie\/\"><span class=\"vcex-ib-img wpex-block wpex-transition-all wpex-duration-500 wpex-bg-cover wpex-absolute wpex-inset-0\" style=\"background-image:url(https:\/\/henriettejankow.de\/wp-content\/uploads\/2022\/04\/pexels-suzy-hazelwood-3631711-scaled.jpg);\"><\/span><div class=\"vcex-ib-overlay wpex-absolute wpex-inset-0 wpex-transition-all wpex-duration-500\"><div class=\"vcex-ib-overlay-bg wpex-absolute wpex-inset-0 wpex-bg-black wpex-opacity-30\"><\/div><\/div><div class=\"vcex-ib-content-wrap wpex-w-100 wpex-transition-all wpex-duration-500 wpex-py-100 wpex-px-40 wpex-relative\"><div class=\"vcex-ib-content wpex-mx-auto\"><div class=\"vcex-ib-title wpex-heading wpex-inherit-color-important\">Systemische Therapie<\/div><div class=\"vcex-ib-caption wpex-text-lg wpex-last-mb-0\">die eigene Geschichte erkunden...und weiterschreiben<\/div><\/div><\/div><\/a><\/div><\/div><\/div><div class=\"wpb_column vc_column_container vc_col-sm-3\"><div class=\"vc_column-inner\"><div class=\"wpb_wrapper\"><style>.vcex-image-banner.vcex_69d8c03793677 .vcex-ib-title{font-family:Montserrat;font-weight:500;}.vcex-image-banner.vcex_69d8c03793677 .vcex-ib-caption{font-family:Montserrat;}<\/style><a class=\"vcex-module vcex-image-banner vcex-image-banner-has-link wpex-no-underline wpex-flex wpex-flex-col wpex-w-100 wpex-justify-center wpex-relative wpex-overflow-hidden wpex-bg-gray-900 wpex-text-white wpex-hover-text-white wpex-text-center vcex_69d8c03793677\" href=\"https:\/\/henriettejankow.de\/paarberatung\/\" title=\"Systemische Paarberatung \/ Paartherapie\"><span class=\"vcex-ib-img wpex-block wpex-transition-all wpex-duration-500 wpex-bg-cover wpex-absolute wpex-inset-0\" style=\"background-image:url(https:\/\/henriettejankow.de\/wp-content\/uploads\/2022\/04\/pexels-anna-shvets-4672714-scaled.jpg);\"><\/span><div class=\"vcex-ib-overlay wpex-absolute wpex-inset-0 wpex-transition-all wpex-duration-500\"><div class=\"vcex-ib-overlay-bg wpex-absolute wpex-inset-0 wpex-bg-black wpex-opacity-30\"><\/div><\/div><div class=\"vcex-ib-content-wrap wpex-w-100 wpex-transition-all wpex-duration-500 wpex-py-100 wpex-px-40 wpex-relative\"><div class=\"vcex-ib-content wpex-mx-auto\"><div class=\"vcex-ib-title wpex-heading wpex-inherit-color-important\">Systemische Paarberatung<\/div><div class=\"vcex-ib-caption wpex-text-lg wpex-last-mb-0\">gl\u00fcckliche und n\u00e4hrende Beziehungen gelingend gestalten<\/div><\/div><\/div><\/a><\/div><\/div><\/div><\/div><\/div><\/div><\/div><\/div><div class=\"vc_row wpb_row vc_row-fluid vc_custom_1650034752715 wpex-relative wpex-vc_row-has-fill no-bottom-margins wpex-vc-reset-negative-margin\"><div class=\"wpb_column vc_column_container vc_col-sm-12\"><div class=\"vc_column-inner\"><div class=\"wpb_wrapper\"><div class=\"vcex-grid-container vcex-module wpex-grid wpex-gap-20 wpex-grid-cols-1 wpex-md-grid-cols-2 wpex-lg-grid-cols-3\" style=\"gap:50px;\"><style>.vcex-list_item.vcex_69d8c03794a9b{font-size:20px;font-family:Montserrat;font-weight:500;color:#6f6c9e;}.vcex-list_item.vcex_69d8c03794a9b .vcex-list-item-icon-inner{color:#6f6c9e;background:#e8edec;font-size:25px;border-radius:20px;width:40px;height:40px;}<\/style><div class=\"vcex-list_item vcex-module wpex-m-0 wpex-max-w-100 wpex-mb-5 wpex-text-left vcex_69d8c03794a9b\"><div class=\"vcex-list-item-inner wpex-inline-flex wpex-flex-no-wrap wpex-items-center\"><div class=\"vcex-list-item-icon wpex-mr-15\"><div class=\"vcex-list-item-icon-inner vcex-icon-wrap wpex-inline-flex wpex-justify-center wpex-items-center wpex-leading-none wpex-child-inherit-color\"><span aria-hidden=\"true\" class=\"vc-material vc-material-alarm\"><\/span><\/div><\/div><div class=\"vcex-list-item-text vcex-content wpex-flex-grow\">kurzfristige Terminvergabe<\/div><\/div><\/div><style>.vcex-list_item.vcex_69d8c03795055{font-size:20px;font-family:Montserrat;font-weight:500;color:#bb7db2;}.vcex-list_item.vcex_69d8c03795055 .vcex-list-item-icon-inner{color:#bb7db2;background:#e8edec;font-size:25px;border-radius:20px;width:40px;height:40px;}<\/style><div class=\"vcex-list_item vcex-module wpex-m-0 wpex-max-w-100 wpex-mb-5 vcex_69d8c03795055\"><div class=\"vcex-list-item-inner wpex-inline-flex wpex-flex-no-wrap wpex-items-center\"><div class=\"vcex-list-item-icon wpex-mr-15\"><div class=\"vcex-list-item-icon-inner vcex-icon-wrap wpex-inline-flex wpex-justify-center wpex-items-center wpex-leading-none wpex-child-inherit-color\"><span aria-hidden=\"true\" class=\"vc-material vc-material-language\"><\/span><\/div><\/div><div class=\"vcex-list-item-text vcex-content wpex-flex-grow\">sessions available in English<\/div><\/div><\/div><style>.vcex-list_item.vcex_69d8c037955f1{font-size:20px;font-family:Montserrat;font-weight:500;color:#6f6c9e;}.vcex-list_item.vcex_69d8c037955f1 .vcex-list-item-icon-inner{color:#6f6c9e;background:#e8edec;font-size:25px;border-radius:20px;width:40px;height:40px;}<\/style><div class=\"vcex-list_item vcex-module wpex-m-0 wpex-max-w-100 wpex-mb-5 vcex_69d8c037955f1\"><div class=\"vcex-list-item-inner wpex-inline-flex wpex-flex-no-wrap wpex-items-center\"><div class=\"vcex-list-item-icon wpex-mr-15\"><div class=\"vcex-list-item-icon-inner vcex-icon-wrap wpex-inline-flex wpex-justify-center wpex-items-center wpex-leading-none wpex-child-inherit-color\"><span aria-hidden=\"true\" class=\"vc-material vc-material-laptop_mac\"><\/span><\/div><\/div><div class=\"vcex-list-item-text vcex-content wpex-flex-grow\">Sitzungen online m\u00f6glich<\/div><\/div><\/div><\/div><\/div><\/div><\/div><\/div><div class=\"vc_row wpb_row vc_row-fluid vc_custom_1650034513022 wpex-vc-full-width-row wpex-vc-full-width-row--centered wpex-relative wpex-vc_row-has-fill no-bottom-margins wpex-vc-reset-negative-margin\"><div class=\"wpb_column vc_column_container vc_col-sm-12\"><div class=\"vc_column-inner\"><div class=\"wpb_wrapper\"><div class=\"vcex-spacing wpex-w-100 wpex-clear\" style=\"height:10px;\"><\/div><div class=\"vcex-spacing wpex-w-100 wpex-clear\" style=\"height:10px;\"><\/div><div class=\"vcex-spacing wpex-w-100 wpex-clear\" style=\"height:10px;\"><\/div><style>.vcex-heading.vcex_69d8c037960df{width:800px;color:#bb7db2;font-size:25px;font-family:Montserrat;font-weight:400;line-height:1.2;}@media (max-width:1024px){.vcex-heading.vcex_69d8c037960df{font-size:25px;}}@media (max-width:959px){.vcex-heading.vcex_69d8c037960df{font-size:25px;}}@media (max-width:767px){.vcex-heading.vcex_69d8c037960df{font-size:20px;}}@media (max-width:479px){.vcex-heading.vcex_69d8c037960df{font-size:20px;}}<\/style><h2 class=\"vcex-heading vcex-heading-plain vcex-module wpex-heading wpex-text-2xl wpex-text-center wpex-max-w-100 wpex-mx-auto vcex_69d8c037960df\"><span class=\"vcex-heading-inner wpex-inline-block\">Sie haben Fragen oder m\u00f6chten einen Termin vereinbaren?<\/span><\/h2><style>.vcex-flex-container_69d8c037963ad{gap:15px;}<\/style><div class=\"vcex-flex-container vcex-module wpex-flex wpex-gap-20 wpex-flex-wrap wpex-justify-center vc_custom_1649921934072 vcex-flex-container_69d8c037963ad\"><style>.vcex-button.vcex_69d8c037969f9{background:#bb7db2;font-family:Montserrat;font-size:14px;font-weight:500;}@media (max-width:1024px){.vcex-button.vcex_69d8c037969f9{font-size:14px;}}@media (max-width:959px){.vcex-button.vcex_69d8c037969f9{font-size:14px;}}@media (max-width:767px){.vcex-button.vcex_69d8c037969f9{font-size:12px;}}@media (max-width:479px){.vcex-button.vcex_69d8c037969f9{font-size:12px;}}<\/style><style>.vcex_69d8c03796b1b{font-size:14px!important;}@media (max-width:1024px){.vcex_69d8c03796b1b{font-size:14px!important;}}@media (max-width:959px){.vcex_69d8c03796b1b{font-size:14px!important;}}@media (max-width:767px){.vcex_69d8c03796b1b{font-size:12px!important;}}@media (max-width:479px){.vcex_69d8c03796b1b{font-size:12px!important;}}<\/style><div class=\"vc_custom_1650393722664 wpex-clr\"><a href=\"https:\/\/henriettejankow.de\/kontakt\/\" class=\"vcex-button theme-button graphical inline wpex-shadow-sm vcex_69d8c03796b1b vcex_69d8c037969f9\"><span class=\"vcex-button-inner theme-button-inner wpex-flex wpex-flex-wrap wpex-items-center wpex-justify-center\">Kontakt<\/span><\/a><\/div> <\/div><\/div><\/div><\/div><\/div>\n","protected":false},"excerpt":{"rendered":"\"There is freedom waiting for you on the breezes of the sky. And you ask 'what if I fall? ' Oh but my darling, what if you fly?\" Erin Hanson Sie sind auf der Suche nach einem Ort, wo Sie......neue Perspektiven gewinnen?...widerspr\u00fcchliche Gedanken und Gef\u00fchle in einen Dialog bringen?...Ihre Ressourcen erkennen und nutzen?...zu mehr Balance&hellip;","protected":false},"author":1,"featured_media":0,"parent":0,"menu_order":0,"comment_status":"closed","ping_status":"closed","template":"","meta":{"footnotes":""},"class_list":["post-162","page","type-page","status-publish","hentry","entry","no-media"],"_links":{"self":[{"href":"https:\/\/henriettejankow.de\/de_de\/wp-json\/wp\/v2\/pages\/162","targetHints":{"allow":["GET"]}}],"collection":[{"href":"https:\/\/henriettejankow.de\/de_de\/wp-json\/wp\/v2\/pages"}],"about":[{"href":"https:\/\/henriettejankow.de\/de_de\/wp-json\/wp\/v2\/types\/page"}],"author":[{"embeddable":true,"href":"https:\/\/henriettejankow.de\/de_de\/wp-json\/wp\/v2\/users\/1"}],"replies":[{"embeddable":true,"href":"https:\/\/henriettejankow.de\/de_de\/wp-json\/wp\/v2\/comments?post=162"}],"version-history":[{"count":84,"href":"https:\/\/henriettejankow.de\/de_de\/wp-json\/wp\/v2\/pages\/162\/revisions"}],"predecessor-version":[{"id":711,"href":"https:\/\/henriettejankow.de\/de_de\/wp-json\/wp\/v2\/pages\/162\/revisions\/711"}],"wp:attachment":[{"href":"https:\/\/henriettejankow.de\/de_de\/wp-json\/wp\/v2\/media?parent=162"}],"curies":[{"name":"wp","href":"https:\/\/api.w.org\/{rel}","templated":true}]}}