{"id":170,"date":"2022-03-24T09:40:20","date_gmt":"2022-03-24T08:40:20","guid":{"rendered":"https:\/\/henriettejankow.de\/?page_id=170"},"modified":"2022-04-22T11:54:24","modified_gmt":"2022-04-22T09:54:24","slug":"datenschutz","status":"publish","type":"page","link":"https:\/\/henriettejankow.de\/de_de\/datenschutz\/","title":{"rendered":"Datenschutzerkl\u00e4rung"},"content":{"rendered":"<div class=\"vc_row wpb_row vc_row-fluid wpex-relative\"><div class=\"wpb_column vc_column_container vc_col-sm-12\"><div class=\"vc_column-inner\"><div class=\"wpb_wrapper\">\n\t<div style=\"color:#000000;font-family:Montserrat;font-size:14px;\" class=\"wpb_text_column has-custom-color wpex-child-inherit-color wpb_content_element  vc_custom_1650621210631\" >\n\t\t<div class=\"wpb_wrapper\">\n\t\t\t<p><span style=\"font-size: 16px;\">Verantwortlicher im Sinne der Datenschutzgesetze, insbesondere der EU-Datenschutzgrundverordnung (DSGVO), ist:<\/span><\/p>\n<p><span style=\"font-size: 16px;\">Henriette Jankow<\/span><\/p>\n<p><span style=\"font-size: 16px;\">Kranoldplatz 7<\/span><\/p>\n<p><span style=\"font-size: 16px;\">12051 Berlin<\/span><\/p>\n<p><span style=\"font-size: 16px;\">hello@henriettejankow.de<\/span><\/p>\n<p><span style=\"font-size: 16px;\">0176-2158 2650<\/span><\/p>\n<h2><span style=\"font-size: 16px;\">Ihre Betroffenenrechte<\/span><\/h2>\n<p><span style=\"font-size: 16px;\">Unter den angegebenen Kontaktdaten unseres Datenschutzbeauftragten k\u00f6nnen Sie jederzeit folgende Rechte aus\u00fcben:<\/span><\/p>\n<ul>\n<li><span style=\"font-size: 16px;\">Auskunft \u00fcber Ihre bei uns gespeicherten Daten und deren Verarbeitung (Art. 15 DSGVO),<\/span><\/li>\n<li><span style=\"font-size: 16px;\">Berichtigung unrichtiger personenbezogener Daten (Art. 16 DSGVO),<\/span><\/li>\n<li><span style=\"font-size: 16px;\">L\u00f6schung Ihrer bei uns gespeicherten Daten (Art. 17 DSGVO),<\/span><\/li>\n<li><span style=\"font-size: 16px;\">Einschr\u00e4nkung der Datenverarbeitung, sofern wir Ihre Daten aufgrund gesetzlicher Pflichten noch nicht l\u00f6schen d\u00fcrfen (Art. 18 DSGVO),<\/span><\/li>\n<li><span style=\"font-size: 16px;\">Widerspruch gegen die Verarbeitung Ihrer Daten bei uns (Art. 21 DSGVO) und<\/span><\/li>\n<li><span style=\"font-size: 16px;\">Daten\u00fcbertragbarkeit, sofern Sie in die Datenverarbeitung eingewilligt haben oder einen Vertrag mit uns abgeschlossen haben (Art. 20 DSGVO).<\/span><\/li>\n<\/ul>\n<p><span style=\"font-size: 16px;\">Sofern Sie uns eine Einwilligung erteilt haben, k\u00f6nnen Sie diese jederzeit mit Wirkung f\u00fcr die Zukunft widerrufen.<\/span><\/p>\n<p><span style=\"font-size: 16px;\">Sie k\u00f6nnen sich jederzeit mit einer Beschwerde an eine Aufsichtsbeh\u00f6rde wenden, z. B. an die zust\u00e4ndige Aufsichtsbeh\u00f6rde des Bundeslands Ihres Wohnsitzes oder an die f\u00fcr uns als verantwortliche Stelle zust\u00e4ndige Beh\u00f6rde.<\/span><\/p>\n<p><span style=\"font-size: 16px;\">Eine Liste der Aufsichtsbeh\u00f6rden (f\u00fcr den nicht\u00f6ffentlichen Bereich) mit Anschrift finden Sie unter: <a href=\"https:\/\/www.bfdi.bund.de\/DE\/Service\/Anschriften\/Laender\/Laender-node.html\" target=\"_blank\" rel=\"noopener nofollow\">https:\/\/www.bfdi.bund.de\/DE\/Service\/Anschriften\/Laender\/Laender-node.html<\/a>.<\/span><\/p>\n<h2><span style=\"font-size: 16px;\">Erfassung allgemeiner Informationen beim Besuch unserer Website<\/span><\/h2>\n<h3><span style=\"font-size: 16px;\">Art und Zweck der Verarbeitung:<\/span><\/h3>\n<p><span style=\"font-size: 16px;\">Wenn Sie auf unsere Website zugreifen, d.h., wenn Sie sich nicht registrieren oder anderweitig Informationen \u00fcbermitteln, werden automatisch Informationen allgemeiner Natur erfasst. Diese Informationen (Server-Logfiles) beinhalten etwa die Art des Webbrowsers, das verwendete Betriebssystem, den Domainnamen Ihres Internet-Service-Providers, Ihre IP-Adresse und \u00e4hnliches.<\/span><\/p>\n<p><span style=\"font-size: 16px;\">Sie werden insbesondere zu folgenden Zwecken verarbeitet:<\/span><\/p>\n<ul>\n<li><span style=\"font-size: 16px;\">Sicherstellung eines problemlosen Verbindungsaufbaus der Website,<\/span><\/li>\n<li><span style=\"font-size: 16px;\">Sicherstellung einer reibungslosen Nutzung unserer Website,<\/span><\/li>\n<li><span style=\"font-size: 16px;\">Auswertung der Systemsicherheit und -stabilit\u00e4t sowie<\/span><\/li>\n<li><span style=\"font-size: 16px;\">zur Optimierung unserer Website.<\/span><\/li>\n<\/ul>\n<p><span style=\"font-size: 16px;\">Wir verwenden Ihre Daten nicht, um R\u00fcckschl\u00fcsse auf Ihre Person zu ziehen. Informationen dieser Art werden von uns ggfs. anonymisiert statistisch ausgewertet, um unseren Internetauftritt und die dahinterstehende Technik zu optimieren.<\/span><\/p>\n<h3><span style=\"font-size: 16px;\">Rechtsgrundlage und berechtigtes Interesse:<\/span><\/h3>\n<p><span style=\"font-size: 16px;\">Die Verarbeitung erfolgt gem\u00e4\u00df Art. 6 Abs. 1 lit. f DSGVO auf Basis unseres berechtigten Interesses an der Verbesserung der Stabilit\u00e4t und Funktionalit\u00e4t unserer Website.<\/span><\/p>\n<h3><span style=\"font-size: 16px;\">Empf\u00e4nger:<\/span><\/h3>\n<p><span style=\"font-size: 16px;\">Empf\u00e4nger der Daten sind ggf. technische Dienstleister, die f\u00fcr den Betrieb und die Wartung unserer Webseite als Auftragsverarbeiter t\u00e4tig werden.<\/span><\/p>\n<h3><span style=\"font-size: 16px;\">Speicherdauer:<\/span><\/h3>\n<p><span style=\"font-size: 16px;\">Die Daten werden gel\u00f6scht, sobald diese f\u00fcr den Zweck der Erhebung nicht mehr erforderlich sind. Dies ist f\u00fcr die Daten, die der Bereitstellung der Website dienen, grunds\u00e4tzlich der Fall, wenn die jeweilige Sitzung beendet ist.<\/span><\/p>\n<h3><span style=\"font-size: 16px;\">Bereitstellung vorgeschrieben oder erforderlich:<\/span><\/h3>\n<p><span style=\"font-size: 16px;\">Die Bereitstellung der vorgenannten personenbezogenen Daten ist weder gesetzlich noch vertraglich vorgeschrieben. Ohne die IP-Adresse ist jedoch der Dienst und die Funktionsf\u00e4higkeit unserer Website nicht gew\u00e4hrleistet. Zudem k\u00f6nnen einzelne Dienste und Services nicht verf\u00fcgbar oder eingeschr\u00e4nkt sein. Aus diesem Grund ist ein Widerspruch ausgeschlossen.<\/span><\/p>\n<h2><span style=\"font-size: 16px;\">Cookies<\/span><\/h2>\n<p><span style=\"font-size: 16px;\">Wie viele andere Webseiten verwenden wir auch so genannte \u201eCookies\u201c. Bei Cookies handelt es sich um kleine Textdateien, die auf Ihrem Endger\u00e4t (Laptop, Tablet, Smartphone o.\u00e4.) gespeichert werden, wenn Sie unsere Webseite besuchen.<\/span><\/p>\n<p><span style=\"font-size: 16px;\">Sie k\u00f6nnen Sie einzelne Cookies oder den gesamten Cookie-Bestand l\u00f6schen. Dar\u00fcber hinaus erhalten Sie Informationen und Anleitungen, wie diese Cookies gel\u00f6scht oder deren Speicherung vorab blockiert werden k\u00f6nnen. Je nach Anbieter Ihres Browsers finden Sie die notwendigen Informationen unter den nachfolgenden Links:<\/span><\/p>\n<ul>\n<li><span style=\"font-size: 16px;\">Mozilla Firefox: <a href=\"https:\/\/support.mozilla.org\/de\/kb\/cookies-loeschen-daten-von-websites-entfernen\" target=\"_blank\" rel=\"nofollow noopener\">https:\/\/support.mozilla.org\/de\/kb\/cookies-loeschen-daten-von-websites-entfernen<\/a><\/span><\/li>\n<li><span style=\"font-size: 16px;\">Internet Explorer: <a href=\"https:\/\/support.microsoft.com\/de-de\/help\/17442\/windows-internet-explorer-delete-manage-cookies\" target=\"_blank\" rel=\"nofollow noopener\">https:\/\/support.microsoft.com\/de-de\/help\/17442\/windows-internet-explorer-delete-manage-cookies<\/a><\/span><\/li>\n<li><span style=\"font-size: 16px;\">Google Chrome: <a href=\"https:\/\/support.google.com\/accounts\/answer\/61416?hl=de\" target=\"_blank\" rel=\"nofollow noopener\">https:\/\/support.google.com\/accounts\/answer\/61416?hl=de<\/a><\/span><\/li>\n<li><span style=\"font-size: 16px;\">Opera: <a href=\"http:\/\/www.opera.com\/de\/help\" target=\"_blank\" rel=\"nofollow noopener\">http:\/\/www.opera.com\/de\/help<\/a><\/span><\/li>\n<li><span style=\"font-size: 16px;\">Safari: <a href=\"https:\/\/support.apple.com\/kb\/PH17191?locale=de_DE&amp;viewlocale=de_DE\" target=\"_blank\" rel=\"nofollow noopener\">https:\/\/support.apple.com\/kb\/PH17191?locale=de_DE&amp;viewlocale=de_DE<\/a><\/span><\/li>\n<\/ul>\n<h3><span style=\"font-size: 16px;\">Speicherdauer und eingesetzte Cookies:<\/span><\/h3>\n<p><span style=\"font-size: 16px;\">Soweit Sie uns durch Ihre Browsereinstellungen oder Zustimmung die Verwendung von Cookies erlauben, k\u00f6nnen folgende Cookies auf unseren Webseiten zum Einsatz kommen:<\/span><\/p>\n<p><span style=\"font-size: 16px;\">PLL_language, 1 Jahr Speicherdauer<\/span><\/p>\n<h2><span style=\"font-size: 16px;\">Technisch notwendige Cookies<\/span><\/h2>\n<h3><span style=\"font-size: 16px;\">Art und Zweck der Verarbeitung:<\/span><\/h3>\n<p><span style=\"font-size: 16px;\">Wir setzen Cookies ein, um unsere Website nutzerfreundlicher zu gestalten. Einige Elemente unserer Internetseite erfordern es, dass der aufrufende Browser auch nach einem Seitenwechsel identifiziert werden kann.<\/span><\/p>\n<p><span style=\"font-size: 16px;\">Der Zweck der Verwendung technisch notwendiger Cookies ist, die Nutzung von Websites f\u00fcr die Nutzer zu vereinfachen. Einige Funktionen unserer Internetseite k\u00f6nnen ohne den Einsatz von Cookies nicht angeboten werden. F\u00fcr diese ist es erforderlich, dass der Browser auch nach einem Seitenwechsel wiedererkannt wird.<\/span><\/p>\n<p><span style=\"font-size: 16px;\">F\u00fcr folgende Anwendungen ben\u00f6tigen wir Cookies:<\/span><\/p>\n<h3><span style=\"font-size: 16px;\">Rechtsgrundlage und berechtigtes Interesse:<\/span><\/h3>\n<p><span style=\"font-size: 16px;\">Die Verarbeitung erfolgt gem\u00e4\u00df Art. 6 Abs. 1 lit. f DSGVO auf Basis unseres berechtigten Interesses an einer nutzerfreundlichen Gestaltung unserer Website.<\/span><\/p>\n<h3><span style=\"font-size: 16px;\">Empf\u00e4nger:<\/span><\/h3>\n<p><span style=\"font-size: 16px;\">Empf\u00e4nger der Daten sind ggf. technische Dienstleister, die f\u00fcr den Betrieb und die Wartung unserer Website als Auftragsverarbeiter t\u00e4tig werden.<\/span><\/p>\n<h3><span style=\"font-size: 16px;\">Bereitstellung vorgeschrieben oder erforderlich:<\/span><\/h3>\n<p><span style=\"font-size: 16px;\">Die Bereitstellung der vorgenannten personenbezogenen Daten ist weder gesetzlich noch vertraglich vorgeschrieben. Ohne diese Daten ist jedoch der Dienst und die Funktionsf\u00e4higkeit unserer Website nicht gew\u00e4hrleistet. Zudem k\u00f6nnen einzelne Dienste und Services nicht verf\u00fcgbar oder eingeschr\u00e4nkt sein.<\/span><\/p>\n<h3><span style=\"font-size: 16px;\">Widerspruch<\/span><\/h3>\n<p><span style=\"font-size: 16px;\">Lesen Sie dazu die Informationen \u00fcber Ihr Widerspruchsrecht nach Art. 21 DSGVO weiter unten.<\/span><\/p>\n<h2><span style=\"font-size: 16px;\">Kontaktformular<\/span><\/h2>\n<h3><span style=\"font-size: 16px;\">Art und Zweck der Verarbeitung:<\/span><\/h3>\n<p><span style=\"font-size: 16px;\">Die von Ihnen eingegebenen Daten werden zum Zweck der individuellen Kommunikation mit Ihnen gespeichert. Hierf\u00fcr ist die Angabe einer validen E-Mail-Adresse sowie Ihres Namens erforderlich. Diese dient der Zuordnung der Anfrage und der anschlie\u00dfenden Beantwortung derselben. Die Angabe weiterer Daten ist optional.<\/span><\/p>\n<h3><span style=\"font-size: 16px;\">Rechtsgrundlage:<\/span><\/h3>\n<p><span style=\"font-size: 16px;\">Die Verarbeitung der in das Kontaktformular eingegebenen Daten erfolgt auf der Grundlage eines berechtigten Interesses (Art. 6 Abs. 1 lit. f DSGVO).<\/span><\/p>\n<p><span style=\"font-size: 16px;\">Durch Bereitstellung des Kontaktformulars m\u00f6chten wir Ihnen eine unkomplizierte Kontaktaufnahme erm\u00f6glichen. Ihre gemachten Angaben werden zum Zwecke der Bearbeitung der Anfrage sowie f\u00fcr m\u00f6gliche Anschlussfragen gespeichert.<\/span><\/p>\n<p><span style=\"font-size: 16px;\">Sofern Sie mit uns Kontakt aufnehmen, um ein Angebot zu erfragen, erfolgt die Verarbeitung der in das Kontaktformular eingegebenen Daten zur Durchf\u00fchrung vorvertraglicher Ma\u00dfnahmen (Art. 6 Abs. 1 lit. b DSGVO).<\/span><\/p>\n<h3><span style=\"font-size: 16px;\">Empf\u00e4nger:<\/span><\/h3>\n<p><span style=\"font-size: 16px;\">Empf\u00e4nger der Daten sind ggf. Auftragsverarbeiter.<\/span><\/p>\n<h3><span style=\"font-size: 16px;\">Speicherdauer:<\/span><\/h3>\n<p><span style=\"font-size: 16px;\">Daten werden sp\u00e4testens 6 Monate nach Bearbeitung der Anfrage gel\u00f6scht.<\/span><\/p>\n<p><span style=\"font-size: 16px;\">Sofern es zu einem Vertragsverh\u00e4ltnis kommt, unterliegen wir den gesetzlichen Aufbewahrungsfristen nach HGB und l\u00f6schen Ihre Daten nach Ablauf dieser Fristen.<\/span><\/p>\n<h3><span style=\"font-size: 16px;\">Bereitstellung vorgeschrieben oder erforderlich:<\/span><\/h3>\n<p><span style=\"font-size: 16px;\">Die Bereitstellung Ihrer personenbezogenen Daten erfolgt freiwillig. Wir k\u00f6nnen Ihre Anfrage jedoch nur bearbeiten, sofern Sie uns Ihren Namen, Ihre E-Mail-Adresse und den Grund der Anfrage mitteilen.<\/span><\/p>\n<h2><span style=\"font-size: 16px;\">Verwendung von Scriptbibliotheken (Google Webfonts)<\/span><\/h2>\n<p><span style=\"font-size: 16px;\">Um unsere Inhalte browser\u00fcbergreifend korrekt und grafisch ansprechend darzustellen, verwenden wir auf dieser Website \u201eGoogle Web Fonts\u201c der Google LLC (1600 Amphitheatre Parkway, Mountain View, CA 94043, USA; nachfolgend \u201eGoogle\u201c) zur Darstellung von Schriften.<\/span><\/p>\n<p><span style=\"font-size: 16px;\">Weitere Informationen zu Google Web Fonts finden Sie unter <a href=\"https:\/\/developers.google.com\/fonts\/faq\" target=\"_blank\" rel=\"noopener nofollow\">https:\/\/developers.google.com\/fonts\/faq<\/a> und in der Datenschutzerkl\u00e4rung von Google: <a href=\"https:\/\/www.google.com\/policies\/privacy\/\" target=\"_blank\" rel=\"noopener nofollow\">https:\/\/www.google.com\/policies\/privacy\/<\/a>.<\/span><\/p>\n<h2><span style=\"font-size: 16px;\">Verwendung von Google Maps<\/span><\/h2>\n<p><span style=\"font-size: 16px;\">Auf dieser Website nutzen wir das Angebot von Google Maps. Google Maps wird von Google LLC, 1600 Amphitheatre Parkway, Mountain View, CA 94043, USA (nachfolgend \u201eGoogle\u201c) betrieben. Dadurch k\u00f6nnen wir Ihnen interaktive Karten direkt in der Webseite anzeigen und erm\u00f6glichen Ihnen die komfortable Nutzung der Karten-Funktion.<\/span><br \/>\n<span style=\"font-size: 16px;\">N\u00e4here Informationen \u00fcber die Datenverarbeitung durch Google k\u00f6nnen Sie den Google-Datenschutzhinweisen entnehmen: <a href=\"https:\/\/policies.google.com\/privacy\" target=\"_blank\" rel=\"noopener nofollow\">https:\/\/policies.google.com\/privacy<\/a>. Dort k\u00f6nnen Sie im Datenschutzcenter auch Ihre pers\u00f6nlichen Datenschutz-Einstellungen ver\u00e4ndern.<\/span><\/p>\n<p><span style=\"font-size: 16px;\">Ausf\u00fchrliche Anleitungen zur Verwaltung der eigenen Daten im Zusammenhang mit Google-Produkten finden Sie hier: <a href=\"https:\/\/www.dataliberation.org\/\" target=\"_blank\" rel=\"noopener nofollow\">https:\/\/www.dataliberation.org<\/a><\/span><\/p>\n<p><span style=\"font-size: 16px;\">Durch den Besuch der Website erh\u00e4lt Google Informationen, dass Sie die entsprechende Unterseite unserer Webseite aufgerufen haben. Dies erfolgt unabh\u00e4ngig davon, ob Google ein Nutzerkonto bereitstellt, \u00fcber das Sie eingeloggt sind, oder ob keine Nutzerkonto besteht. Wenn Sie bei Google eingeloggt sind, werden Ihre Daten direkt Ihrem Konto zugeordnet.<\/span><\/p>\n<p><span style=\"font-size: 16px;\">Wenn Sie die Zuordnung in Ihrem Profil bei Google nicht w\u00fcnschen, m\u00fcssen Sie sich vor Aktivierung des Buttons bei Google ausloggen. Google speichert Ihre Daten als Nutzungsprofile und nutzt sie f\u00fcr Zwecke der Werbung, Marktforschung und\/oder bedarfsgerechter Gestaltung seiner Websites. Eine solche Auswertung erfolgt insbesondere (selbst f\u00fcr nicht eingeloggte Nutzer) zur Erbringung bedarfsgerechter Werbung und um andere Nutzer des sozialen Netzwerks \u00fcber Ihre Aktivit\u00e4ten auf unserer Website zu informieren. Ihnen steht ein Widerspruchsrecht zu gegen die Bildung dieser Nutzerprofile, wobei Sie sich zur Aus\u00fcbung dessen an Google richten m\u00fcssen.<\/span><\/p>\n<h3><span style=\"font-size: 16px;\">Widerruf der Einwilligung:<\/span><\/h3>\n<p><span style=\"font-size: 16px;\">Vom Anbieter wird derzeit keine M\u00f6glichkeit f\u00fcr einen einfachen Opt-out oder ein Blockieren der Daten\u00fcbertragung angeboten. Wenn Sie eine Nachverfolgung Ihrer Aktivit\u00e4ten auf unserer Website verhindern wollen, widerrufen Sie bitte im Cookie-Consent-Tool Ihre Einwilligung f\u00fcr die entsprechende Cookie-Kategorie oder alle technisch nicht notwendigen Cookies und Daten\u00fcbertragungen. In diesem Fall k\u00f6nnen Sie unsere Website jedoch ggfs. nicht oder nur eingeschr\u00e4nkt nutzen.<\/span><\/p>\n<h2><span style=\"font-size: 16px;\">SSL-Verschl\u00fcsselung<\/span><\/h2>\n<p><span style=\"font-size: 16px;\">Um die Sicherheit Ihrer Daten bei der \u00dcbertragung zu sch\u00fctzen, verwenden wir dem aktuellen Stand der Technik entsprechende Verschl\u00fcsselungsverfahren (z. B. SSL) \u00fcber HTTPS.<\/span><\/p>\n<hr \/>\n<h2><span style=\"font-size: 16px;\">Information \u00fcber Ihr Widerspruchsrecht nach Art. 21 DSGVO<\/span><\/h2>\n<h3><span style=\"font-size: 16px;\">Einzelfallbezogenes Widerspruchsrecht<\/span><\/h3>\n<p><span style=\"font-size: 16px;\">Sie haben das Recht, aus Gr\u00fcnden, die sich aus Ihrer besonderen Situation ergeben, jederzeit gegen die Verarbeitung Sie betreffender personenbezogener Daten, die aufgrund Art. 6 Abs. 1 lit. f DSGVO (Datenverarbeitung auf der Grundlage einer Interessenabw\u00e4gung) erfolgt, Widerspruch einzulegen; dies gilt auch f\u00fcr ein auf diese Bestimmung gest\u00fctztes Profiling im Sinne von Art. 4 Nr. 4 DSGVO.<\/span><\/p>\n<p><span style=\"font-size: 16px;\">Legen Sie Widerspruch ein, werden wir Ihre personenbezogenen Daten nicht mehr verarbeiten, es sei denn, wir k\u00f6nnen zwingende schutzw\u00fcrdige Gr\u00fcnde f\u00fcr die Verarbeitung nachweisen, die Ihre Interessen, Rechte und Freiheiten \u00fcberwiegen, oder die Verarbeitung dient der Geltendmachung, Aus\u00fcbung oder Verteidigung von Rechtsanspr\u00fcchen.<\/span><\/p>\n<h3><span style=\"font-size: 16px;\">Empf\u00e4nger eines Widerspruchs<\/span><\/h3>\n<p><span style=\"font-size: 16px;\">Henriette Jankow<\/span><\/p>\n<p><span style=\"font-size: 16px;\">Kranoldplatz 7<\/span><\/p>\n<p><span style=\"font-size: 16px;\">12051<\/span><\/p>\n<p><span style=\"font-size: 16px;\">hello@henriettejankow.de<\/span><\/p>\n<p><span style=\"font-size: 16px;\">0176-2158 2650<\/span><\/p>\n<hr \/>\n<h2><span style=\"font-size: 16px;\">\u00c4nderung unserer Datenschutzbestimmungen<\/span><\/h2>\n<p><span style=\"font-size: 16px;\">Wir behalten uns vor, diese Datenschutzerkl\u00e4rung anzupassen, damit sie stets den aktuellen rechtlichen Anforderungen entspricht oder um \u00c4nderungen unserer Leistungen in der Datenschutzerkl\u00e4rung umzusetzen, z.B. bei der Einf\u00fchrung neuer Services. F\u00fcr Ihren erneuten Besuch gilt dann die neue Datenschutzerkl\u00e4rung.<\/span><\/p>\n<h2><span style=\"font-size: 16px;\">Fragen an den Datenschutzbeauftragten<\/span><\/h2>\n<p><span style=\"font-size: 16px;\">Wenn Sie Fragen zum Datenschutz haben, schreiben Sie uns bitte eine E-Mail oder wenden Sie sich direkt an die f\u00fcr den Datenschutz verantwortliche Person in unserer Organisation:<\/span><\/p>\n<p><span style=\"font-size: 16px;\">Henriette Jankow<\/span><\/p>\n<p><span style=\"font-size: 16px;\">hello@henriettejankow.de<\/span><\/p>\n<p><span style=\"font-size: 16px;\"><em>Die Datenschutzerkl\u00e4rung wurde mithilfe der activeMind AG erstellt, den Experten f\u00fcr <a href=\"https:\/\/www.activemind.de\/datenschutz\/datenschutzbeauftragter\/\" target=\"_blank\" rel=\"noopener\">externe Datenschutzbeauftragte<\/a> (Version #2020-09-30).<\/em><\/span><\/p>\n\n\t\t<\/div>\n\t<\/div>\n<\/div><\/div><\/div><\/div>\n","protected":false},"excerpt":{"rendered":"Verantwortlicher im Sinne der Datenschutzgesetze, insbesondere der EU-Datenschutzgrundverordnung (DSGVO), ist: Henriette Jankow Kranoldplatz 7 12051 Berlin hello@henriettejankow.de 0176-2158 2650 Ihre Betroffenenrechte Unter den angegebenen Kontaktdaten unseres Datenschutzbeauftragten k\u00f6nnen Sie jederzeit folgende Rechte aus\u00fcben: Auskunft \u00fcber Ihre bei uns gespeicherten Daten und deren Verarbeitung (Art. 15 DSGVO), Berichtigung unrichtiger personenbezogener Daten (Art. 16 DSGVO), L\u00f6schung Ihrer&hellip;","protected":false},"author":1,"featured_media":0,"parent":0,"menu_order":0,"comment_status":"closed","ping_status":"closed","template":"","meta":{"footnotes":""},"class_list":["post-170","page","type-page","status-publish","hentry","entry","no-media"],"_links":{"self":[{"href":"https:\/\/henriettejankow.de\/de_de\/wp-json\/wp\/v2\/pages\/170","targetHints":{"allow":["GET"]}}],"collection":[{"href":"https:\/\/henriettejankow.de\/de_de\/wp-json\/wp\/v2\/pages"}],"about":[{"href":"https:\/\/henriettejankow.de\/de_de\/wp-json\/wp\/v2\/types\/page"}],"author":[{"embeddable":true,"href":"https:\/\/henriettejankow.de\/de_de\/wp-json\/wp\/v2\/users\/1"}],"replies":[{"embeddable":true,"href":"https:\/\/henriettejankow.de\/de_de\/wp-json\/wp\/v2\/comments?post=170"}],"version-history":[{"count":5,"href":"https:\/\/henriettejankow.de\/de_de\/wp-json\/wp\/v2\/pages\/170\/revisions"}],"predecessor-version":[{"id":665,"href":"https:\/\/henriettejankow.de\/de_de\/wp-json\/wp\/v2\/pages\/170\/revisions\/665"}],"wp:attachment":[{"href":"https:\/\/henriettejankow.de\/de_de\/wp-json\/wp\/v2\/media?parent=170"}],"curies":[{"name":"wp","href":"https:\/\/api.w.org\/{rel}","templated":true}]}}