{"id":176,"date":"2022-03-24T09:44:25","date_gmt":"2022-03-24T08:44:25","guid":{"rendered":"https:\/\/henriettejankow.de\/?page_id=176"},"modified":"2022-04-21T12:19:54","modified_gmt":"2022-04-21T10:19:54","slug":"systemische-beratung","status":"publish","type":"page","link":"https:\/\/henriettejankow.de\/de_de\/systemische-beratung\/","title":{"rendered":"Systemische Beratung"},"content":{"rendered":"<div data-vc-full-width=\"true\" data-vc-full-width-init=\"false\" class=\"vc_row wpb_row vc_row-fluid vc_custom_1650364195110 vc_row-o-content-middle vc_row-flex wpex-relative wpex-vc-has-custom-column-spacing wpex-vc-column-spacing-60 wpex-vc_row-has-fill wpex-vc-row-stretched no-bottom-margins\"><div class=\"wpb_column vc_column_container vc_col-sm-6\"><div class=\"vc_column-inner\"><div class=\"wpb_wrapper\"><style>.vcex-image.vcex_69d8d27694516 .vcex-image-img{border-radius:20px;}<\/style><figure class=\"vcex-image vcex-module wpex-text-right vcex_69d8d27694516\"><div class=\"vcex-image-inner wpex-relative wpex-inline-block vc_custom_1650366673182\"><img loading=\"lazy\" class=\"vcex-image-img wpex-align-middle wpex-shadow\" decoding=\"async\" src=\"https:\/\/henriettejankow.de\/wp-content\/uploads\/2022\/03\/pexels-emiliano-arano-1298684-scaled-900x1200.jpg\" alt=\"\" srcset=\"https:\/\/henriettejankow.de\/wp-content\/uploads\/2022\/03\/pexels-emiliano-arano-1298684-scaled-900x1200.jpg 900w, https:\/\/henriettejankow.de\/wp-content\/uploads\/2022\/03\/pexels-emiliano-arano-1298684-scaled-4x4.jpg 4w\" width=\"900\" height=\"1200\"><\/div><\/figure><div class=\"vcex-spacing wpex-w-100 wpex-clear\" style=\"height:40px;\"><\/div><\/div><\/div><\/div><div class=\"wpb_column vc_column_container vc_col-sm-6\"><div class=\"vc_column-inner\"><div class=\"wpb_wrapper\"><style>.vcex-heading.vcex_69d8d276988b9{color:rgba(255,255,255,0.81);font-size:35px;font-family:Montserrat;font-weight:500;}@media (max-width:1024px){.vcex-heading.vcex_69d8d276988b9{font-size:35px;}}@media (max-width:959px){.vcex-heading.vcex_69d8d276988b9{font-size:35px;}}@media (max-width:767px){.vcex-heading.vcex_69d8d276988b9{font-size:25px;}}@media (max-width:479px){.vcex-heading.vcex_69d8d276988b9{font-size:25px;}}<\/style><h2 class=\"vcex-heading vcex-heading-plain vcex-module wpex-heading wpex-text-2xl vcex_69d8d276988b9\"><span class=\"vcex-heading-inner wpex-inline-block\">Systemische Beratung \u2013 wieder handlungsf\u00e4hig werden<\/span><\/h2><div class=\"vc_separator wpb_content_element vc_separator_align_center vc_sep_width_100 vc_sep_pos_align_center vc_separator_no_text vc_sep_color_grey vc_custom_1649792511693  vc_custom_1649792511693\" ><span class=\"vc_sep_holder vc_sep_holder_l\"><span  class=\"vc_sep_line\"><\/span><\/span><span class=\"vc_sep_holder vc_sep_holder_r\"><span  class=\"vc_sep_line\"><\/span><\/span>\n<\/div><div class=\"vcex-spacing wpex-w-100 wpex-clear\" style=\"height:15px;\"><\/div>\n\t<div style=\"color:rgba(255,255,255,0.81);font-family:Montserrat;font-size:18px;font-weight:500;\" class=\"wpb_text_column has-custom-color wpex-child-inherit-color wpb_content_element  vc_custom_1650394134819 wpex-antialiased\" >\n\t\t<div class=\"wpb_wrapper\">\n\t\t\t<p><span style=\"font-size: 18px;\">Sie w\u00fcnschen sich akut Hilfe in diesen oder vergleichbaren Situationen?<\/span><\/p>\n<ul>\n<li><span style=\"font-size: 18px;\">\u00dcberforderungserscheinungen und \u00dcberlastung im Alltag<\/span><\/li>\n<li><span style=\"font-size: 18px;\">Konflikte im Freund*innenkreis \/ Familie<\/span><\/li>\n<li><span style=\"font-size: 18px;\">einschneidende Ver\u00e4nderungen im nahen Umfeld (Umzug, Trauerfall, Geburt)<\/span><\/li>\n<\/ul>\n\n\t\t<\/div>\n\t<\/div>\n<div class=\"vcex-spacing wpex-w-100 wpex-clear\" style=\"height:15px;\"><\/div><div class=\"vc_separator wpb_content_element vc_separator_align_center vc_sep_width_100 vc_sep_pos_align_center vc_separator_no_text vc_sep_color_grey vc_custom_1649792511693  vc_custom_1649792511693\" ><span class=\"vc_sep_holder vc_sep_holder_l\"><span  class=\"vc_sep_line\"><\/span><\/span><span class=\"vc_sep_holder vc_sep_holder_r\"><span  class=\"vc_sep_line\"><\/span><\/span>\n<\/div><div class=\"vcex-spacing wpex-w-100 wpex-clear\" style=\"height:15px;\"><\/div>\n\t<div style=\"color:rgba(255,255,255,0.81);font-family:Montserrat;font-size:18px;font-weight:500;\" class=\"wpb_text_column has-custom-color wpex-child-inherit-color wpb_content_element  vc_custom_1650394155725 wpex-antialiased\" >\n\t\t<div class=\"wpb_wrapper\">\n\t\t\t<p><span style=\"font-size: 18px;\">In der <strong>systemischen Beratung <\/strong>unterst\u00fctze ich Sie darin, ebenso <strong>l\u00f6sungs- und ressourcenorientiert <\/strong>wie <strong>emotionsfokussiert<\/strong> in schwierigen Alltagssituationen <strong>Handlungssicherheit<\/strong> zu <strong>gewinnen<\/strong>.<\/span><\/p>\n<p><span style=\"font-size: 18px;\">Dazu schauen wir uns an, wie Sie bisher mit diesen herausfordernden Situationen umgegangen sind, fokussieren das, was st\u00e4rkt und funktioniert, geben unliebsamen Gef\u00fchlen Raum und probieren gegebenenfalls etwas ganz Neues aus.<\/span><\/p>\n\n\t\t<\/div>\n\t<\/div>\n<div class=\"vcex-spacing wpex-w-100 wpex-clear\" style=\"height:15px;\"><\/div><\/div><\/div><\/div><\/div><div class=\"vc_row-full-width vc_clearfix\"><\/div><div class=\"vc_row wpb_row vc_row-fluid wpex-relative\"><div class=\"wpb_column vc_column_container vc_col-sm-4\"><div class=\"vc_column-inner\"><div class=\"wpb_wrapper\"><div class=\"vc_btn3-container vc_btn3-left vc_custom_1650366488695\" ><a class=\"vc_general vc_btn3 vc_btn3-size-md vc_btn3-shape-rounded vc_btn3-style-modern vc_btn3-icon-left vc_btn3-color-mulled-wine\" href=\"https:\/\/henriettejankow.de\/paarberatung\/\" title=\"Systemische Paarberatung \/ Paartherapie\"><i class=\"vc_btn3-icon fas fa-arrow-circle-left\"><\/i> Systemische Paartherapie<\/a><\/div><\/div><\/div><\/div><div class=\"wpb_column vc_column_container vc_col-sm-4\"><div class=\"vc_column-inner\"><div class=\"wpb_wrapper\"><div class=\"vc_btn3-container vc_btn3-center vc_custom_1650536388497\" ><a class=\"vc_general vc_btn3 vc_btn3-size-md vc_btn3-shape-rounded vc_btn3-style-modern vc_btn3-color-grey\" href=\"https:\/\/henriettejankow.de\/kontakt\/\" title=\"Kontakt\" target=\"_blank\">jetzt einen Termin f\u00fcr ein kostenfreies Erstgespr\u00e4ch vereinbaren<\/a><\/div><\/div><\/div><\/div><div class=\"wpb_column vc_column_container vc_col-sm-4\"><div class=\"vc_column-inner\"><div class=\"wpb_wrapper\"><div class=\"vc_btn3-container vc_btn3-right vc_custom_1649792431265\" ><a class=\"vc_general vc_btn3 vc_btn3-size-md vc_btn3-shape-rounded vc_btn3-style-modern vc_btn3-icon-right vc_btn3-color-mulled-wine\" href=\"https:\/\/henriettejankow.de\/systemisches-coaching\/\" title=\"Systemisches Coaching\">Systemisches Coaching <i class=\"vc_btn3-icon fas fa-arrow-circle-right\"><\/i><\/a><\/div><\/div><\/div><\/div><\/div><div class=\"vc_row wpb_row vc_row-fluid wpex-relative\"><div class=\"wpb_column vc_column_container vc_col-sm-12\"><div class=\"vc_column-inner\"><div class=\"wpb_wrapper\"><\/div><\/div><\/div><\/div>\n","protected":false},"excerpt":{"rendered":"Systemische Beratung \u2013 wieder handlungsf\u00e4hig werden Sie w\u00fcnschen sich akut Hilfe in diesen oder vergleichbaren Situationen? \u00dcberforderungserscheinungen und \u00dcberlastung im Alltag Konflikte im Freund*innenkreis \/ Familie einschneidende Ver\u00e4nderungen im nahen Umfeld (Umzug, Trauerfall, Geburt) In der systemischen Beratung unterst\u00fctze ich Sie darin, ebenso l\u00f6sungs- und ressourcenorientiert wie emotionsfokussiert in schwierigen Alltagssituationen Handlungssicherheit zu gewinnen. Dazu&hellip;","protected":false},"author":1,"featured_media":0,"parent":0,"menu_order":0,"comment_status":"closed","ping_status":"closed","template":"","meta":{"footnotes":""},"class_list":["post-176","page","type-page","status-publish","hentry","entry","no-media"],"_links":{"self":[{"href":"https:\/\/henriettejankow.de\/de_de\/wp-json\/wp\/v2\/pages\/176","targetHints":{"allow":["GET"]}}],"collection":[{"href":"https:\/\/henriettejankow.de\/de_de\/wp-json\/wp\/v2\/pages"}],"about":[{"href":"https:\/\/henriettejankow.de\/de_de\/wp-json\/wp\/v2\/types\/page"}],"author":[{"embeddable":true,"href":"https:\/\/henriettejankow.de\/de_de\/wp-json\/wp\/v2\/users\/1"}],"replies":[{"embeddable":true,"href":"https:\/\/henriettejankow.de\/de_de\/wp-json\/wp\/v2\/comments?post=176"}],"version-history":[{"count":22,"href":"https:\/\/henriettejankow.de\/de_de\/wp-json\/wp\/v2\/pages\/176\/revisions"}],"predecessor-version":[{"id":643,"href":"https:\/\/henriettejankow.de\/de_de\/wp-json\/wp\/v2\/pages\/176\/revisions\/643"}],"wp:attachment":[{"href":"https:\/\/henriettejankow.de\/de_de\/wp-json\/wp\/v2\/media?parent=176"}],"curies":[{"name":"wp","href":"https:\/\/api.w.org\/{rel}","templated":true}]}}