{"id":178,"date":"2022-03-24T09:44:58","date_gmt":"2022-03-24T08:44:58","guid":{"rendered":"https:\/\/henriettejankow.de\/?page_id=178"},"modified":"2022-05-17T16:00:11","modified_gmt":"2022-05-17T14:00:11","slug":"paarberatung","status":"publish","type":"page","link":"https:\/\/henriettejankow.de\/de_de\/paarberatung\/","title":{"rendered":"Systemische Paarberatung \/ Paartherapie"},"content":{"rendered":"<div class=\"vc_row wpb_row vc_row-fluid vc_custom_1650368750478 wpex-relative wpex-vc_row-has-fill wpex-vc-reset-negative-margin\"><div class=\"wpb_column vc_column_container vc_col-sm-6\"><div class=\"vc_column-inner\"><div class=\"wpb_wrapper\"><style>.vcex-heading.vcex_69d8d578dbb05{color:#ffffff;font-size:35px;font-family:Montserrat;font-weight:500;}@media (max-width:1024px){.vcex-heading.vcex_69d8d578dbb05{font-size:35px;}}@media (max-width:959px){.vcex-heading.vcex_69d8d578dbb05{font-size:35px;}}@media (max-width:767px){.vcex-heading.vcex_69d8d578dbb05{font-size:25px;}}@media (max-width:479px){.vcex-heading.vcex_69d8d578dbb05{font-size:25px;}}<\/style><h2 class=\"vcex-heading vcex-heading-plain vcex-module wpex-heading wpex-text-2xl wpex-text-center vc_custom_1650394488150 vcex_69d8d578dbb05\"><span class=\"vcex-heading-inner wpex-inline-block\">Paarberatung \/ Paartherapie \u2013 gl\u00fcckliche Beziehungen gelingend gestalten<\/span><\/h2><div class=\"vc_separator wpb_content_element vc_separator_align_center vc_sep_width_100 vc_sep_pos_align_center vc_separator_no_text vc_sep_color_white vc_custom_1650368783617  vc_custom_1650368783617\" ><span class=\"vc_sep_holder vc_sep_holder_l\"><span  class=\"vc_sep_line\"><\/span><\/span><span class=\"vc_sep_holder vc_sep_holder_r\"><span  class=\"vc_sep_line\"><\/span><\/span>\n<\/div><div class=\"vcex-spacing wpex-w-100 wpex-clear\" style=\"height:15px;\"><\/div><style>.vcex_69d8d578ddce7{font-size:18px!important;}@media (max-width:1024px){.vcex_69d8d578ddce7{font-size:18px!important;}}@media (max-width:959px){.vcex_69d8d578ddce7{font-size:18px!important;}}@media (max-width:767px){.vcex_69d8d578ddce7{font-size:14px!important;}}@media (max-width:479px){.vcex_69d8d578ddce7{font-size:14px!important;}}<\/style>\n\t<div style=\"color:#ffffff;font-family:Montserrat;\" class=\"wpb_text_column vcex_69d8d578ddce7 has-custom-color wpex-child-inherit-color wpb_content_element  vc_custom_1650394511048\" >\n\t\t<div class=\"wpb_wrapper\">\n\t\t\t<p><span style=\"font-size: 16px;\">Sie w\u00fcnschen sich Begleitung im Umgang mit diesen oder \u00e4hnlichen Themen?<\/span><\/p>\n<ul>\n<li><span style=\"font-size: 16px;\">Umgang mit unterschiedlichen Bed\u00fcrfnissen \/ \u201eSprachen der Liebe\u201c in der Partnerschaft<\/span><\/li>\n<li><span style=\"font-size: 16px;\">Ver\u00e4nderungen in der Beziehung nach einschneidenden Ereignissen (z.B.: Arbeitslosigkeit, Trauerfall, Geburt)<\/span><\/li>\n<li><span style=\"font-size: 16px;\">nachlassende Gef\u00fchle f\u00fcreinander (Entfremdung durch Beruf, Alltag, Familie)<\/span><\/li>\n<li><span style=\"font-size: 16px;\">Entscheidungsfindung bei Trennungsangst \/ Trennungsambivalenz<\/span><\/li>\n<li><span style=\"font-size: 16px;\">Gestaltung von offenen Beziehungen \/ Polyamorie \/ Coming Out<\/span><\/li>\n<li><span style=\"font-size: 16px;\">Kinderwunsch und Kindererziehung in Regenbogenfamilien<\/span><\/li>\n<\/ul>\n\n\t\t<\/div>\n\t<\/div>\n<div class=\"vc_separator wpb_content_element vc_separator_align_center vc_sep_width_100 vc_sep_pos_align_center vc_separator_no_text vc_sep_color_white vc_custom_1650368805219  vc_custom_1650368805219\" ><span class=\"vc_sep_holder vc_sep_holder_l\"><span  class=\"vc_sep_line\"><\/span><\/span><span class=\"vc_sep_holder vc_sep_holder_r\"><span  class=\"vc_sep_line\"><\/span><\/span>\n<\/div><div class=\"vcex-spacing wpex-w-100 wpex-clear\" style=\"height:15px;\"><\/div>\n\t<div style=\"color:#ffffff;font-family:Montserrat;font-size:18px;\" class=\"wpb_text_column has-custom-color wpex-child-inherit-color wpb_content_element  vc_custom_1652796008099\" >\n\t\t<div class=\"wpb_wrapper\">\n\t\t\t<p><span style=\"font-size: 16px;\">Unstimmigkeiten, Konflikte und Krisen sind essentieller Bestandteil jeder wie auch immer gearteten Beziehung. Mehr noch: sie stellen Ereignisse dar, f\u00fcr die es gute Gr\u00fcnde gibt und die neben allem, was daran anstrengend und schwierig ist, auch <strong>Entwicklungschancen<\/strong> f\u00fcr Sie bergen.<\/span><\/p>\n<p><span style=\"font-size: 16px;\">In der Paarberatung und -therapie unterst\u00fctze ich Sie darin, <strong>wieder<\/strong> in einen <strong>guten Kontakt zueinander<\/strong> zu kommen. Dazu nehmen wir gemeinsam Ihre <strong>Kommunikation<\/strong>, Ihre <strong>Erwartungen aneinander<\/strong> und Ihre jeweiligen <strong>Bed\u00fcrfnisse <\/strong>in den Blick. Auf dieser Grundlage schauen wir, <strong>welche Ver\u00e4nderungen notwendig und m\u00f6glich<\/strong> sind, damit Sie Ihre Beziehung jetzt und in Zukunft so gestalten, dass die Partner*innen mit ihren Bed\u00fcrfnissen, W\u00fcnschen und Vorstellungen <strong>auf Augenh\u00f6he<\/strong> gesehen und geh\u00f6rt werden k\u00f6nnen.<\/span><\/p>\n<p>Manchmal ist die beste L\u00f6sung jedoch, die <strong>Beziehung<\/strong> zu beenden bzw. in <strong>etwas neues zu tranformieren<\/strong>. Dann kann es sehr hilfreich sein, sich bei der <strong>achtsamen<\/strong> und <strong>respektvollen Gestaltung von Trennung und Transformation<\/strong> begleiten zu lassen. Neben den schwierigen Zeiten k\u00f6nnen so auch die Geschenke, die die Partner*innen einander gelassen haben, gew\u00fcrdigt werden.<\/p>\n\n\t\t<\/div>\n\t<\/div>\n<\/div><\/div><\/div><div class=\"wpb_column vc_column_container vc_col-sm-6\"><div class=\"vc_column-inner\"><div class=\"wpb_wrapper\"><style>.vcex-image.vcex_69d8d578de536 .vcex-image-img{border-radius:20px;}<\/style><figure class=\"vcex-image vcex-module wpex-text-center vcex_69d8d578de536\"><div class=\"vcex-image-inner wpex-relative wpex-inline-block vc_custom_1650368843732\"><img loading=\"lazy\" class=\"vcex-image-img wpex-align-middle wpex-shadow\" decoding=\"async\" src=\"https:\/\/henriettejankow.de\/wp-content\/uploads\/2022\/04\/pexels-anna-shvets-4672714-scaled-900x1200.jpg\" alt=\"\" width=\"900\" height=\"1200\"><\/div><\/figure><\/div><\/div><\/div><\/div><div class=\"vc_row wpb_row vc_row-fluid vc_custom_1649793232721 wpex-relative\"><div class=\"wpb_column vc_column_container vc_col-sm-4\"><div class=\"vc_column-inner\"><div class=\"wpb_wrapper\"><div class=\"vc_btn3-container vc_btn3-left vc_custom_1649793423333\" ><a class=\"vc_general vc_btn3 vc_btn3-size-md vc_btn3-shape-rounded vc_btn3-style-modern vc_btn3-icon-left vc_btn3-color-mulled-wine\" href=\"https:\/\/henriettejankow.de\/systemische-therapie\/\" title=\"Systemische Therapie\"><i class=\"vc_btn3-icon fas fa-arrow-alt-circle-left\"><\/i> Systemische Therapie<\/a><\/div><\/div><\/div><\/div><div class=\"wpb_column vc_column_container vc_col-sm-4\"><div class=\"vc_column-inner\"><div class=\"wpb_wrapper\"><div class=\"vc_btn3-container vc_btn3-center vc_custom_1650536554350\" ><a class=\"vc_general vc_btn3 vc_btn3-size-md vc_btn3-shape-rounded vc_btn3-style-modern vc_btn3-color-grey\" href=\"https:\/\/henriettejankow.de\/kontakt\/\" title=\"Kontakt\" rel=\"nofollow\">jetzt einen Termin f\u00fcr ein kostenfreies Erstgespr\u00e4ch vereinbaren<\/a><\/div><\/div><\/div><\/div><div class=\"wpb_column vc_column_container vc_col-sm-4\"><div class=\"vc_column-inner\"><div class=\"wpb_wrapper\"><div class=\"vc_btn3-container vc_btn3-right vc_custom_1650366324486\" ><a class=\"vc_general vc_btn3 vc_btn3-size-md vc_btn3-shape-rounded vc_btn3-style-modern vc_btn3-icon-right vc_btn3-color-mulled-wine\" href=\"https:\/\/henriettejankow.de\/systemische-beratung\/\" title=\"Systemische Beratung\" rel=\"nofollow\">Systemische Beratung <i class=\"vc_btn3-icon fas fa-arrow-circle-right\"><\/i><\/a><\/div><\/div><\/div><\/div><\/div>\n","protected":false},"excerpt":{"rendered":"Paarberatung \/ Paartherapie \u2013 gl\u00fcckliche Beziehungen gelingend gestalten Sie w\u00fcnschen sich Begleitung im Umgang mit diesen oder \u00e4hnlichen Themen? Umgang mit unterschiedlichen Bed\u00fcrfnissen \/ \u201eSprachen der Liebe\u201c in der Partnerschaft Ver\u00e4nderungen in der Beziehung nach einschneidenden Ereignissen (z.B.: Arbeitslosigkeit, Trauerfall, Geburt) nachlassende Gef\u00fchle f\u00fcreinander (Entfremdung durch Beruf, Alltag, Familie) Entscheidungsfindung bei Trennungsangst \/ Trennungsambivalenz Gestaltung&hellip;","protected":false},"author":1,"featured_media":0,"parent":0,"menu_order":0,"comment_status":"closed","ping_status":"closed","template":"","meta":{"footnotes":""},"class_list":["post-178","page","type-page","status-publish","hentry","entry","no-media"],"_links":{"self":[{"href":"https:\/\/henriettejankow.de\/de_de\/wp-json\/wp\/v2\/pages\/178","targetHints":{"allow":["GET"]}}],"collection":[{"href":"https:\/\/henriettejankow.de\/de_de\/wp-json\/wp\/v2\/pages"}],"about":[{"href":"https:\/\/henriettejankow.de\/de_de\/wp-json\/wp\/v2\/types\/page"}],"author":[{"embeddable":true,"href":"https:\/\/henriettejankow.de\/de_de\/wp-json\/wp\/v2\/users\/1"}],"replies":[{"embeddable":true,"href":"https:\/\/henriettejankow.de\/de_de\/wp-json\/wp\/v2\/comments?post=178"}],"version-history":[{"count":30,"href":"https:\/\/henriettejankow.de\/de_de\/wp-json\/wp\/v2\/pages\/178\/revisions"}],"predecessor-version":[{"id":697,"href":"https:\/\/henriettejankow.de\/de_de\/wp-json\/wp\/v2\/pages\/178\/revisions\/697"}],"wp:attachment":[{"href":"https:\/\/henriettejankow.de\/de_de\/wp-json\/wp\/v2\/media?parent=178"}],"curies":[{"name":"wp","href":"https:\/\/api.w.org\/{rel}","templated":true}]}}