{"id":182,"date":"2022-03-24T09:48:18","date_gmt":"2022-03-24T08:48:18","guid":{"rendered":"https:\/\/henriettejankow.de\/?page_id=182"},"modified":"2022-04-27T12:32:10","modified_gmt":"2022-04-27T10:32:10","slug":"systemische-therapie","status":"publish","type":"page","link":"https:\/\/henriettejankow.de\/de_de\/systemische-therapie\/","title":{"rendered":"Systemische Therapie"},"content":{"rendered":"<div class=\"vc_row wpb_row vc_row-fluid vc_custom_1650368456090 wpex-relative wpex-vc_row-has-fill wpex-vc-reset-negative-margin\"><div class=\"wpb_column vc_column_container vc_col-sm-6\"><div class=\"vc_column-inner\"><div class=\"wpb_wrapper\"><style>.vcex-image.vcex_69d8d0aa7aec9 .vcex-image-img{border-radius:20px;}<\/style><figure class=\"vcex-image vcex-module wpex-text-center vcex_69d8d0aa7aec9\"><div class=\"vcex-image-inner wpex-relative wpex-inline-block vc_custom_1650368471678\"><img loading=\"lazy\" class=\"vcex-image-img wpex-align-middle wpex-shadow\" decoding=\"async\" src=\"https:\/\/henriettejankow.de\/wp-content\/uploads\/2022\/04\/pexels-suzy-hazelwood-3631711-scaled-900x1200.jpg\" alt=\"\" width=\"900\" height=\"1200\"><\/div><\/figure><\/div><\/div><\/div><div class=\"wpb_column vc_column_container vc_col-sm-6\"><div class=\"vc_column-inner\"><div class=\"wpb_wrapper\"><style>.vcex-heading.vcex_69d8d0aa7c795{color:rgba(0,0,0,0.8);font-size:35px;font-family:Montserrat;font-weight:500;}@media (max-width:1024px){.vcex-heading.vcex_69d8d0aa7c795{font-size:35px;}}@media (max-width:959px){.vcex-heading.vcex_69d8d0aa7c795{font-size:35px;}}@media (max-width:767px){.vcex-heading.vcex_69d8d0aa7c795{font-size:25px;}}@media (max-width:479px){.vcex-heading.vcex_69d8d0aa7c795{font-size:25px;}}<\/style><h2 class=\"vcex-heading vcex-heading-plain vcex-module wpex-heading wpex-text-2xl vc_custom_1650394371797 vcex_69d8d0aa7c795\"><span class=\"vcex-heading-inner wpex-inline-block\">Systemische Therapie - die eigene Geschichte erkunden\u2026 und weiterschreiben<\/span><\/h2><div class=\"vc_separator wpb_content_element vc_separator_align_center vc_sep_width_100 vc_sep_pos_align_center vc_separator_no_text vc_sep_color_black vc_custom_1650368547933  vc_custom_1650368547933\" ><span class=\"vc_sep_holder vc_sep_holder_l\"><span  class=\"vc_sep_line\"><\/span><\/span><span class=\"vc_sep_holder vc_sep_holder_r\"><span  class=\"vc_sep_line\"><\/span><\/span>\n<\/div><div class=\"vcex-spacing wpex-w-100 wpex-clear\" style=\"height:15px;\"><\/div>\n\t<div style=\"color:rgba(0,0,0,0.81);font-family:Montserrat;font-size:18px;font-weight:500;\" class=\"wpb_text_column has-custom-color wpex-child-inherit-color wpb_content_element  vc_custom_1651055456080 wpex-antialiased\" >\n\t\t<div class=\"wpb_wrapper\">\n\t\t\t<p><span style=\"font-size: 18px;\">Manche Themen ziehen sich wie ein roter Faden durch unser Leben und bereiten uns an den immer gleichen Stellen Probleme. <\/span><\/p>\n<p><span style=\"font-size: 18px;\">In der <strong>Systemischen Therapie<\/strong> begleite ich Sie in einem gesch\u00fctzten Raum dabei, Ihre <strong>eigene Geschichte erkunden.\u00a0<\/strong>Dabei suchen wir nach dem, was im Rahmen der famili\u00e4ren und gesellschaftlichen Umst\u00e4nde, die Sie gepr\u00e4gt haben, f\u00fcr Ihr Handeln und F\u00fchlen heute zwar noch <strong>bedeutsam<\/strong>, aber vielleicht nicht mehr ad\u00e4quat ist.<\/span><\/p>\n\n\t\t<\/div>\n\t<\/div>\n<div class=\"vcex-spacing wpex-w-100 wpex-clear\" style=\"height:15px;\"><\/div>\n\t<div style=\"color:rgba(0,0,0,0.81);font-family:Montserrat;font-size:18px;font-weight:500;\" class=\"wpb_text_column has-custom-color wpex-child-inherit-color wpb_content_element  vc_custom_1651055476733 wpex-antialiased\" >\n\t\t<div class=\"wpb_wrapper\">\n\t\t\t<p><span style=\"font-size: 18px;\">Den eigenen Bed\u00fcrfnissen, W\u00fcnschen und Sehns\u00fcchten auf diese Weise auf die Spur gekommen, nehmen Sie den Stift selbstbestimmt in die Hand und <strong>schreiben Ihre Geschichte<\/strong> entlang Ihrer neu entwickelten Pr\u00e4missen <strong>weiter<\/strong>. \u00a0<\/span><\/p>\n\n\t\t<\/div>\n\t<\/div>\n<\/div><\/div><\/div><\/div><div class=\"vc_row wpb_row vc_row-fluid wpex-relative\"><div class=\"wpb_column vc_column_container vc_col-sm-4\"><div class=\"vc_column-inner\"><div class=\"wpb_wrapper\"><div class=\"vc_btn3-container vc_btn3-left vc_custom_1649792824666\" ><a class=\"vc_general vc_btn3 vc_btn3-size-md vc_btn3-shape-rounded vc_btn3-style-modern vc_btn3-icon-left vc_btn3-color-mulled-wine\" href=\"https:\/\/henriettejankow.de\/systemisches-coaching\/\" title=\"Systemisches Coaching\"><i class=\"vc_btn3-icon fas fa-arrow-circle-left\"><\/i> Systemisches Coaching<\/a><\/div><\/div><\/div><\/div><div class=\"wpb_column vc_column_container vc_col-sm-4\"><div class=\"vc_column-inner\"><div class=\"wpb_wrapper\"><div class=\"vc_btn3-container vc_btn3-center vc_custom_1650536483378\" ><a class=\"vc_general vc_btn3 vc_btn3-size-md vc_btn3-shape-rounded vc_btn3-style-modern vc_btn3-color-grey\" href=\"https:\/\/henriettejankow.de\/kontakt\/\" title=\"Kontakt\" rel=\"nofollow\">jetzt einen Termin f\u00fcr ein kostenfreies Erstgespr\u00e4ch vereinbaren<\/a><\/div><\/div><\/div><\/div><div class=\"wpb_column vc_column_container vc_col-sm-4\"><div class=\"vc_column-inner\"><div class=\"wpb_wrapper\"><div class=\"vc_btn3-container vc_btn3-right vc_custom_1651055395878\" ><a class=\"vc_general vc_btn3 vc_btn3-size-md vc_btn3-shape-rounded vc_btn3-style-modern vc_btn3-icon-right vc_btn3-color-mulled-wine\" href=\"https:\/\/henriettejankow.de\/paarberatung\/\" title=\"Systemische Paarberatung \/ Paartherapie\" rel=\"nofollow\">Systemische Paartherapie <i class=\"vc_btn3-icon fas fa-arrow-alt-circle-right\"><\/i><\/a><\/div><\/div><\/div><\/div><\/div><div class=\"vc_row wpb_row vc_row-fluid wpex-relative\"><div class=\"wpb_column vc_column_container vc_col-sm-12\"><div class=\"vc_column-inner\"><div class=\"wpb_wrapper\"><section class=\"vc_cta3-container\"><div class=\"vc_general vc_cta3 vc_cta3-style-flat vc_cta3-shape-rounded vc_cta3-align-left vc_cta3-color-mulled-wine vc_cta3-icon-size-md vc_custom_1651055515976\"><div class=\"vc_cta3_content-container\"><div class=\"vc_cta3-content\"><header class=\"vc_cta3-content-header\"><h2 style=\"text-align: left;font-family:Montserrat;font-weight:400;font-style:normal\" class=\"vc_custom_heading\" >Disclaimer<\/h2><\/header><p>Aus rechtlichen Gr\u00fcnden weise ich darauf hin, dass es sich bei meinem Angebot, insb. der systemischen Therapie, <span style=\"text-decoration: underline;\">nicht um eine heilkundliche Psychotherapie im gesetzlichen Sinne<\/span> handelt. Vielmehr ist darunter ein vertiefter Beratungsprozess zu verstehen, der l\u00e4nger andauern kann.<br \/>\nDementsprechend stelle ich keine Diagnosen und gebe auch keine Heilsversprechen ab.<br \/>\nSollten Sie Bedarf an einer (kassenfinanzierten) Psychotherapie nach einem Richtlinienverfahren, aber noch keinen Therapieplatz bekommen haben, eignet sich mein Angebot, die Wartezeit zu \u00fcberbr\u00fccken.<\/p>\n<p>&nbsp;<\/p>\n<\/div><\/div><\/div><\/section><\/div><\/div><\/div><\/div>\n","protected":false},"excerpt":{"rendered":"Systemische Therapie - die eigene Geschichte erkunden\u2026 und weiterschreiben Manche Themen ziehen sich wie ein roter Faden durch unser Leben und bereiten uns an den immer gleichen Stellen Probleme. In der Systemischen Therapie begleite ich Sie in einem gesch\u00fctzten Raum dabei, Ihre eigene Geschichte erkunden.\u00a0Dabei suchen wir nach dem, was im Rahmen der famili\u00e4ren und&hellip;","protected":false},"author":1,"featured_media":0,"parent":0,"menu_order":0,"comment_status":"closed","ping_status":"closed","template":"","meta":{"footnotes":""},"class_list":["post-182","page","type-page","status-publish","hentry","entry","no-media"],"_links":{"self":[{"href":"https:\/\/henriettejankow.de\/de_de\/wp-json\/wp\/v2\/pages\/182","targetHints":{"allow":["GET"]}}],"collection":[{"href":"https:\/\/henriettejankow.de\/de_de\/wp-json\/wp\/v2\/pages"}],"about":[{"href":"https:\/\/henriettejankow.de\/de_de\/wp-json\/wp\/v2\/types\/page"}],"author":[{"embeddable":true,"href":"https:\/\/henriettejankow.de\/de_de\/wp-json\/wp\/v2\/users\/1"}],"replies":[{"embeddable":true,"href":"https:\/\/henriettejankow.de\/de_de\/wp-json\/wp\/v2\/comments?post=182"}],"version-history":[{"count":34,"href":"https:\/\/henriettejankow.de\/de_de\/wp-json\/wp\/v2\/pages\/182\/revisions"}],"predecessor-version":[{"id":683,"href":"https:\/\/henriettejankow.de\/de_de\/wp-json\/wp\/v2\/pages\/182\/revisions\/683"}],"wp:attachment":[{"href":"https:\/\/henriettejankow.de\/de_de\/wp-json\/wp\/v2\/media?parent=182"}],"curies":[{"name":"wp","href":"https:\/\/api.w.org\/{rel}","templated":true}]}}