{"id":193,"date":"2022-03-24T10:30:53","date_gmt":"2022-03-24T09:30:53","guid":{"rendered":"https:\/\/henriettejankow.de\/?page_id=193"},"modified":"2022-12-06T10:28:22","modified_gmt":"2022-12-06T09:28:22","slug":"konditionen","status":"publish","type":"page","link":"https:\/\/henriettejankow.de\/de_de\/konditionen\/","title":{"rendered":"Konditionen"},"content":{"rendered":"<div data-vc-full-width=\"true\" data-vc-full-width-init=\"false\" class=\"vc_row wpb_row vc_row-fluid vc_custom_1650959759198 wpex-relative wpex-vc_row-has-fill wpex-vc-row-stretched\"><div class=\"wpb_column vc_column_container vc_col-sm-12\"><div class=\"vc_column-inner\"><div class=\"wpb_wrapper\"><\/div><\/div><\/div><\/div><div class=\"vc_row-full-width vc_clearfix\"><\/div><div class=\"vc_row wpb_row vc_row-fluid vc_custom_1650051739345 wpex-relative\"><div class=\"wpb_column vc_column_container vc_col-sm-12\"><div class=\"vc_column-inner\"><div class=\"wpb_wrapper\"><\/div><\/div><\/div><\/div><div class=\"vc_row wpb_row vc_row-fluid vc_custom_1650377734221 wpex-relative\"><div class=\"wpb_column vc_column_container vc_col-sm-12\"><div class=\"vc_column-inner\"><div class=\"wpb_wrapper\">\n\t<div style=\"color:#6f69ce;font-family:Montserrat;font-size:18px;\" class=\"wpb_text_column has-custom-color wpex-child-inherit-color wpb_content_element  vc_custom_1670318852669\" >\n\t\t<div class=\"wpb_wrapper\">\n\t\t\t<p style=\"text-align: left;\"><span style=\"font-size: 18px;\">Das Honorar f\u00fcr meine Leistungen wird mit Ihnen privat abgerechnet.<br \/><\/span><span style=\"font-size: 18px;\">Durch meine Zulassung als Heilpraktikerin f\u00fcr Psychotherapie besteht f\u00fcr privat Krankenversicherte die M\u00f6glichkeit, die Kosten f\u00fcr therapeutische Leistungen bei ihrer Krankenkasse oder ihrer Zusatzversicherung geltend zu machen. Die gesetzlichen Krankenkassen erstatten meine Leistungen nicht.<\/p>\n<p><\/span><span style=\"font-size: 18px;\">Kosten f\u00fcr Beratung und Coaching in beruflichen Fragen sind i.d.R. als Werbungskosten von der Steuer absetzbar. <\/span><\/p>\n<p style=\"text-align: left;\"><span style=\"font-size: 18px;\">In einem <strong>kostenfreien Erstgespr\u00e4ch <\/strong><\/span><span style=\"font-size: 18px;\">haben Sie die M\u00f6glichkeit, mich und meine Arbeitsweise kennenzulernen und f\u00fcr sich zu pr\u00fcfen, ob Sie sich mit Ihren Themen bei mir gut aufgehoben f\u00fchlen<\/span><span style=\"font-size: 18px;\">.<\/span><\/p>\n<p style=\"text-align: left;\"><span style=\"font-size: 18px;\"><br \/>Im Folgenden finden Sie die \u00dcbersicht meiner Honorars\u00e4tze f\u00fcr die jeweilige Leistung:<\/span><\/p>\n\n\t\t<\/div>\n\t<\/div>\n\n\t<div style=\"font-family:Montserrat;font-size:18px;\" class=\"wpb_text_column wpb_content_element  vc_custom_1650396021192\" >\n\t\t<div class=\"wpb_wrapper\">\n\t\t\t\n<table id=\"tablepress-1\" class=\"tablepress tablepress-id-1 tbody-has-connected-cells\">\n<tbody class=\"row-striping row-hover\">\n<tr class=\"row-1\">\n\t<td class=\"column-1\">telefonisches Vorgespr\u00e4ch<\/td><td class=\"column-2\">ca. 15 Minuten<\/td><td class=\"column-3\">kostenfrei<\/td>\n<\/tr>\n<tr class=\"row-2\">\n\t<td class=\"column-1\">Erstgespr\u00e4ch zur Auftragskl\u00e4rung<\/td><td class=\"column-2\">ca. 45 Minuten<\/td><td class=\"column-3\">kostenfrei<\/td>\n<\/tr>\n<tr class=\"row-3\">\n\t<td class=\"column-1\">Einzelsitzung (Beratung, Coaching, Therapie)<\/td><td class=\"column-2\">60 Minuten<\/td><td class=\"column-3\">90 \u20ac<\/td>\n<\/tr>\n<tr class=\"row-4\">\n\t<td class=\"column-1\">Einzelsitzung (Beratung, Coaching, Therapie)<\/td><td class=\"column-2\">90 Minuten <\/td><td class=\"column-3\">130 \u20ac<\/td>\n<\/tr>\n<tr class=\"row-5\">\n\t<td class=\"column-1\">Paarsitzung<\/td><td class=\"column-2\">90 Minuten <\/td><td class=\"column-3\">130 \u20ac<\/td>\n<\/tr>\n<tr class=\"row-6\">\n\t<td class=\"column-1\">Sitzung mit mehr als zwei Personen <\/td><td colspan=\"2\" class=\"column-2\">individuell abzustimmen<\/td>\n<\/tr>\n<\/tbody>\n<\/table>\n<!-- #tablepress-1 from cache -->\n<p><\/p>\n\n\t\t<\/div>\n\t<\/div>\n\n\t<div style=\"color:#6f69ce;font-family:Montserrat;font-size:18px;\" class=\"wpb_text_column has-custom-color wpex-child-inherit-color wpb_content_element  vc_custom_1650537907273\" >\n\t\t<div class=\"wpb_wrapper\">\n\t\t\t<p><span style=\"font-size: 18px;\">Individuell abweichende Regelungen sind im Einzelfall m\u00f6glich &#8211; insbesondere bei finanziellen Engp\u00e4ssen. Sprechen Sie mich gern an.<br \/>\n<\/span><\/p>\n\n\t\t<\/div>\n\t<\/div>\n<div class=\"vc_separator wpb_content_element vc_separator_align_center vc_sep_width_100 vc_sep_pos_align_center vc_separator_no_text vc_sep_color_grey vc_custom_1650377801176  vc_custom_1650377801176\" ><span class=\"vc_sep_holder vc_sep_holder_l\"><span  class=\"vc_sep_line\"><\/span><\/span><span class=\"vc_sep_holder vc_sep_holder_r\"><span  class=\"vc_sep_line\"><\/span><\/span>\n<\/div><\/div><\/div><\/div><\/div><div class=\"vc_row wpb_row vc_row-fluid vc_custom_1650377707377 wpex-relative\"><div class=\"wpb_column vc_column_container vc_col-sm-12\"><div class=\"vc_column-inner\"><div class=\"wpb_wrapper\">\n\t<div style=\"color:#6f69ce;font-family:Montserrat;\" class=\"wpb_text_column has-custom-color wpex-child-inherit-color wpb_content_element  vc_custom_1650537665123\" >\n\t\t<div class=\"wpb_wrapper\">\n\t\t\t<p style=\"text-align: center;\"><strong><span style=\"font-size: 18px;\">Bitte beachten Sie bei Terminabsagen die 48-Stunden-Regel.<br \/>\n<\/span><\/strong><\/p>\n<p><span style=\"font-size: 18px;\"><span style=\"font-size: 16px;\">Sie verstehen sicher, dass mit Ihnen vereinbarte Termine exklusiv f\u00fcr Sie reserviert sind. Dementsprechend sind sie voll kostenpflichtig, wenn sie nicht mindestens 48 Stunden vorher per E-Mail oder Anruf abgesagt werden.<\/span> <\/span><\/p>\n\n\t\t<\/div>\n\t<\/div>\n<\/div><\/div><\/div><\/div>\n","protected":false},"excerpt":{"rendered":"Das Honorar f\u00fcr meine Leistungen wird mit Ihnen privat abgerechnet.Durch meine Zulassung als Heilpraktikerin f\u00fcr Psychotherapie besteht f\u00fcr privat Krankenversicherte die M\u00f6glichkeit, die Kosten f\u00fcr therapeutische Leistungen bei ihrer Krankenkasse oder ihrer Zusatzversicherung geltend zu machen. Die gesetzlichen Krankenkassen erstatten meine Leistungen nicht. Kosten f\u00fcr Beratung und Coaching in beruflichen Fragen sind i.d.R. als Werbungskosten&hellip;","protected":false},"author":1,"featured_media":0,"parent":0,"menu_order":0,"comment_status":"closed","ping_status":"closed","template":"","meta":{"footnotes":""},"class_list":["post-193","page","type-page","status-publish","hentry","entry","no-media"],"_links":{"self":[{"href":"https:\/\/henriettejankow.de\/de_de\/wp-json\/wp\/v2\/pages\/193","targetHints":{"allow":["GET"]}}],"collection":[{"href":"https:\/\/henriettejankow.de\/de_de\/wp-json\/wp\/v2\/pages"}],"about":[{"href":"https:\/\/henriettejankow.de\/de_de\/wp-json\/wp\/v2\/types\/page"}],"author":[{"embeddable":true,"href":"https:\/\/henriettejankow.de\/de_de\/wp-json\/wp\/v2\/users\/1"}],"replies":[{"embeddable":true,"href":"https:\/\/henriettejankow.de\/de_de\/wp-json\/wp\/v2\/comments?post=193"}],"version-history":[{"count":39,"href":"https:\/\/henriettejankow.de\/de_de\/wp-json\/wp\/v2\/pages\/193\/revisions"}],"predecessor-version":[{"id":712,"href":"https:\/\/henriettejankow.de\/de_de\/wp-json\/wp\/v2\/pages\/193\/revisions\/712"}],"wp:attachment":[{"href":"https:\/\/henriettejankow.de\/de_de\/wp-json\/wp\/v2\/media?parent=193"}],"curies":[{"name":"wp","href":"https:\/\/api.w.org\/{rel}","templated":true}]}}