{"id":363,"date":"2022-04-12T17:48:01","date_gmt":"2022-04-12T15:48:01","guid":{"rendered":"https:\/\/henriettejankow.de\/?page_id=363"},"modified":"2022-06-16T12:19:04","modified_gmt":"2022-06-16T10:19:04","slug":"ueber-mich","status":"publish","type":"page","link":"https:\/\/henriettejankow.de\/de_de\/ueber-mich\/","title":{"rendered":"\u00dcber mich"},"content":{"rendered":"<div class=\"vc_row wpb_row vc_row-fluid vc_custom_1650368011169 wpex-relative wpex-vc_row-has-fill wpex-vc-reset-negative-margin\"><div class=\"wpb_column vc_column_container vc_col-sm-6\"><div class=\"vc_column-inner\"><div class=\"wpb_wrapper\">\n\t<div  class=\"wpb_single_image wpb_content_element vc_align_  vc_custom_1650444887150\">\n\t\t\n\t\t<figure class=\"wpb_wrapper vc_figure\">\n\t\t\t<div class=\"vc_single_image-wrapper   vc_box_border_grey\"><img class=\"vc_single_image-img \" src=\"https:\/\/henriettejankow.de\/wp-content\/uploads\/2022\/04\/pexels-ben-mack-5708064-scaled-900x1200.jpg\" width=\"900\" height=\"1200\" alt=\"pexels-ben-mack-5708064\" title=\"pexels-ben-mack-5708064\" \/><\/div>\n\t\t<\/figure>\n\t<\/div>\n<\/div><\/div><\/div><div class=\"wpb_column vc_column_container vc_col-sm-6\"><div class=\"vc_column-inner\"><div class=\"wpb_wrapper\"><style>.vcex-heading.vcex_69d8d6b47d6b6{color:#bb7db2;font-size:35px;font-family:Montserrat;font-weight:500;}@media (max-width:1024px){.vcex-heading.vcex_69d8d6b47d6b6{font-size:35px;}}@media (max-width:959px){.vcex-heading.vcex_69d8d6b47d6b6{font-size:35px;}}@media (max-width:767px){.vcex-heading.vcex_69d8d6b47d6b6{font-size:25px;}}@media (max-width:479px){.vcex-heading.vcex_69d8d6b47d6b6{font-size:25px;}}<\/style><h2 class=\"vcex-heading vcex-heading-plain vcex-module wpex-heading wpex-text-2xl vc_custom_1650447396812 vcex_69d8d6b47d6b6\"><span class=\"vcex-heading-inner wpex-inline-block\">Mein Selbstverst\u00e4ndnis<\/span><\/h2><div class=\"vcex-spacing wpex-w-100 wpex-clear\" style=\"height:15px;\"><\/div>\n\t<div style=\"color:#bb7db2;font-family:Montserrat;font-size:18px;font-weight:500;\" class=\"wpb_text_column has-custom-color wpex-child-inherit-color wpb_content_element  vc_custom_1650535730338 wpex-antialiased\" >\n\t\t<div class=\"wpb_wrapper\">\n\t\t\t<p><span style=\"font-size: 16px;\">Mein Verst\u00e4ndnis systemsichen Arbeitens ist es, <strong>Menschen<\/strong> in ihrem jeweiligen Kontext <strong>auf Augenh\u00f6he<\/strong> zu begegnen. Das bedeutet f\u00fcr mich, in meiner Arbeit stets den Anspruch zu verfolgen, (verinnerlichte) <strong>gesellschaftliche Machtverh\u00e4ltnisse <\/strong>mit zu <strong>reflektieren <\/strong>und <strong>sensibel f\u00fcr Diskriminierungserfahrungen<\/strong> zu sein. Dabei begreife ich mich selbst<strong> stets als Lernende<\/strong> und sehe in meinen <strong>Klient*innen die Expert*innen<\/strong> f\u00fcr ihr eigenes Leben, Empfinden und Erfahren.<\/span><\/p>\n<p><span style=\"font-size: 16px;\">Ich stehe f\u00fcr <strong>Selbstbestimmung und Anerkennung<\/strong> unterschiedlicher Identit\u00e4ten und Lebensentw\u00fcrfe. In der Begegnung mit meinen Klient*innen will ich sie darin unterst\u00fctzen, ein Leben im Einklang mit ihren Bed\u00fcrfnissen und W\u00fcnschen zu f\u00fchren. Das bedeutet auch, im privaten wie im beruflichen Kontext <strong>st\u00e4rkende Beziehungen<\/strong> zu gestalten, damit aus <strong>F\u00fcrsorge f\u00fcr das Selbst <\/strong>auch <strong>F\u00fcrsorge f\u00fcr die Gemeinschaft<\/strong> werden kann.<\/span><\/p>\n<p><span style=\"font-size: 16px;\">In meiner T\u00e4tigkeit als systemische Beraterin, Coach und Therapeutin lege ich einen besonderen Schwerpunkt auf die <strong>Unterst\u00fctzug<\/strong> und das<strong> Empowerment<\/strong> von <strong>Frauen, Lesben, Trans*Menschen und Menschen aus der queeren Community<\/strong>.<\/span><\/p>\n\n\t\t<\/div>\n\t<\/div>\n<\/div><\/div><\/div><\/div><div class=\"vc_row wpb_row vc_row-fluid vc_custom_1649861500706 wpex-relative wpex-vc_row-has-fill wpex-vc-reset-negative-margin\"><div class=\"wpb_column vc_column_container vc_col-sm-6\"><div class=\"vc_column-inner\"><div class=\"wpb_wrapper\"><style>.vcex-heading.vcex_69d8d6b48079c{color:#6f69ce;font-size:35px;font-family:Montserrat;}@media (max-width:1024px){.vcex-heading.vcex_69d8d6b48079c{font-size:35px;}}@media (max-width:959px){.vcex-heading.vcex_69d8d6b48079c{font-size:35px;}}@media (max-width:767px){.vcex-heading.vcex_69d8d6b48079c{font-size:25px;}}@media (max-width:479px){.vcex-heading.vcex_69d8d6b48079c{font-size:25px;}}<\/style><div class=\"vcex-heading vcex-heading-plain vcex-module wpex-heading wpex-text-2xl vc_custom_1650394674421 vcex_69d8d6b48079c\"><span class=\"vcex-heading-inner wpex-inline-block\">Mein Werdegang<\/span><\/div><div class=\"vcex-spacing wpex-w-100 wpex-clear\"><\/div>\n\t<div style=\"color:#6f69ce;font-family:Montserrat;font-size:18px;\" class=\"wpb_text_column has-custom-color wpex-child-inherit-color wpb_content_element  vc_custom_1651142578447\" >\n\t\t<div class=\"wpb_wrapper\">\n\t\t\t<p><span style=\"font-size: 16px;\">Als studierte Kulturwissenschaftlerin ist f\u00fcr mich die Frage handlungsleitend, wie <strong>zwischenmenschliche Beziehungen<\/strong> gestaltet werden k\u00f6nnen, die <strong>Differenzen <\/strong>und<strong> Vielfalt anerkennen <\/strong>und <strong>wertsch\u00e4tzen.<\/strong> Als Systemikerin betrachte ich die Ebene der <strong>individuellen Beziehungsgestaltung <\/strong>immer im <strong>Kontext gesellschaftlicher Prozesse<\/strong> und Gegebenheiten.<\/span><\/p>\n<p><span style=\"font-size: 16px;\">In meinen vergangenen beruflichen Stationen habe ich mich dieser Frage insbesondere im Bereich der akademischen <strong>Personalentwicklung <\/strong>und<strong> Qualifizierung <\/strong>von <strong>Hochschullehrenden<\/strong> gewidmet: W\u00e4hrend meiner langj\u00e4hrigen T\u00e4tigkeit als <strong>wissenschaftliche Mitarbeiterin<\/strong> an der Universit\u00e4t Potsdam habe ich <strong>Weiterbildungs- <\/strong>und <strong>Beratungsformate<\/strong> konzipiert und durchgef\u00fchrt, mit denen ich Lehrende in ihrem Entwicklungsprozess einer<strong> diversit\u00e4tsorientierten, inklusiven Lehrgestaltung<\/strong> unterst\u00fctzt habe.<\/span><\/p>\n<p><span style=\"font-size: 16px;\">Mit meiner <strong>Expertise <\/strong>in der<strong> Gestaltung <\/strong>von <strong>\u00d6ffnungs- <\/strong>und <strong>Ver\u00e4nderungsprozessen<\/strong> in komplexen Systemen, wie Hochschulen es sind, wuchs mein Interesse daran, wie <strong>Menschen <\/strong>in ihrer <strong>individuellen Begegnung <\/strong>diese<strong> Prozesse mitgestalten.\u00a0 <\/strong>In diesem Zusammenhang ist der Wunsch enstanden, <strong>Menschen<\/strong> in <strong>ihren eigenen Entwicklungsprozessen<\/strong> zu <strong>begleiten<\/strong>.<br \/>\n<\/span><\/p>\n<p><span style=\"font-size: 16px;\">So habe ich 2018 meine Ausbildung bei der Gesellschaft f\u00fcr Systemische Beratung und Therapie Beriln (GST) zur <strong>systemischen Beraterin<\/strong> begonnen und 2021 mit der Vertiefung zur <strong>systemischen Einzel-, Paar- <\/strong>und<strong> Familientherapeutin<\/strong> abgeschlossen. <\/span><span style=\"font-size: 16px;\">In diesem Rahmen habe ich vor allem gelernt, mit <strong>Ruhe <\/strong>und <strong>Empathie R\u00e4ume <\/strong>zu <strong>schaffen <\/strong>und zu<strong> halten<\/strong>, in denen Menschen in einen tieferen Kontakt mit sich und ihnen nahestehenden Personen kommen k\u00f6nnen. Das bedeutet ganz zentral, meinen <\/span><span style=\"font-size: 16px;\">Klient*innen einen sicheren Ort f\u00fcr <strong>alle Emotionen <\/strong>und <strong>innerlichen Widerspr\u00fcche <\/strong>zu bieten. <\/span><\/p>\n<p><span style=\"font-size: 16px;\">Die <strong>Summe <\/strong>meiner <strong>beruflichen Erfahrungen <\/strong>und <strong>Qualifikationen<\/strong> erm\u00f6glicht es mir, sowohl <strong>strukturiert und l\u00f6sungsorientiert<\/strong> meine Klient*innen in der konkreten Umsetzung Ihrer Ziele zu begleiten als auch <strong>emotionsfokussiert<\/strong> einen Raum f\u00fcr die Erkundung komplexer Innenwelten bereitzustellen. <\/span><\/p>\n\n\t\t<\/div>\n\t<\/div>\n<\/div><\/div><\/div><div class=\"wpb_column vc_column_container vc_col-sm-6\"><div class=\"vc_column-inner\"><div class=\"wpb_wrapper\"><div class=\"vcex-spacing wpex-w-100 wpex-clear\" style=\"height:15px;\"><\/div>\n\t<div  class=\"wpb_single_image wpb_content_element vc_align_  vc_custom_1650368171524\">\n\t\t\n\t\t<figure class=\"wpb_wrapper vc_figure\">\n\t\t\t<div class=\"vc_single_image-wrapper   vc_box_border_grey\"><img width=\"1707\" height=\"2560\" src=\"https:\/\/henriettejankow.de\/wp-content\/uploads\/2022\/04\/Henriette_22-scaled.jpg\" class=\"vc_single_image-img attachment-full\" alt=\"\" title=\"Henriette_22\" srcset=\"https:\/\/henriettejankow.de\/wp-content\/uploads\/2022\/04\/Henriette_22-scaled.jpg 1707w, https:\/\/henriettejankow.de\/wp-content\/uploads\/2022\/04\/Henriette_22-200x300.jpg 200w, https:\/\/henriettejankow.de\/wp-content\/uploads\/2022\/04\/Henriette_22-683x1024.jpg 683w, https:\/\/henriettejankow.de\/wp-content\/uploads\/2022\/04\/Henriette_22-768x1151.jpg 768w, https:\/\/henriettejankow.de\/wp-content\/uploads\/2022\/04\/Henriette_22-1024x1536.jpg 1024w, https:\/\/henriettejankow.de\/wp-content\/uploads\/2022\/04\/Henriette_22-1366x2048.jpg 1366w\" sizes=\"(max-width: 1707px) 100vw, 1707px\" \/><\/div>\n\t\t<\/figure>\n\t<\/div>\n\t<style><\/style>\n<div class=\"vcex-spacing wpex-w-100 wpex-clear vcex_69d8d6b481cf0\"><\/div><div class=\"vc_tta-container\" data-vc-action=\"collapse\"><div class=\"vc_general vc_tta vc_tta-accordion vc_tta-color-white vc_tta-style-modern vc_tta-shape-rounded vc_tta-o-shape-group vc_tta-controls-align-left vc_custom_1650622714709\"><div class=\"vc_tta-panels-container\"><div class=\"vc_tta-panels\"><div class=\"vc_tta-panel vc_active\" id=\"1650051010088-9becf8ee-7d4e\" data-vc-content=\".vc_tta-panel-body\"><div class=\"vc_tta-panel-heading\"><h4 class=\"vc_tta-panel-title vc_tta-controls-icon-position-left\"><a href=\"#1650051010088-9becf8ee-7d4e\" data-vc-accordion data-vc-container=\".vc_tta-container\"><span class=\"vc_tta-title-text\">Qualit\u00e4tssicherung<\/span><i class=\"vc_tta-controls-icon vc_tta-controls-icon-plus\"><\/i><\/a><\/h4><\/div><div class=\"vc_tta-panel-body\">\n\t<div style=\"color:#6f69ce;font-family:Montserrat;font-size:14px;\" class=\"wpb_text_column has-custom-color wpex-child-inherit-color wpb_content_element \" >\n\t\t<div class=\"wpb_wrapper\">\n\t\t\t<p>Als Mitglied der <a href=\"https:\/\/www.dgsf.org\/\" target=\"_blank\" rel=\"noopener\">Deutschen Gesellschaft f\u00fcr Systemische Therapie, Beratung und Familientherapie e.V. (DGSF)<\/a> verpflichte ich mich in meiner beratenden und therapeutischen Arbeit mit meinen Klient*innen zur Einhaltung der<a href=\"https:\/\/www.dgsf.org\/ueber-uns\/ethik-richtlinien.htm\" target=\"_blank\" rel=\"noopener\"> Ethikrichtlinien<\/a> des Verbandes.<\/p>\n<p>Im Sinne der Qualit\u00e4tssicherung meiner Arbeit als systemische Beraterin und Therapeutin nehme ich regelm\u00e4\u00dfig Intervision und Supervision in Anspruch und bilde mich kontinuierlich zu Themen systemischen Arbeitens fort.<\/p>\n\n\t\t<\/div>\n\t<\/div>\n<\/div><\/div><div class=\"vc_tta-panel\" id=\"1650051010089-03b5d9c5-1781\" data-vc-content=\".vc_tta-panel-body\"><div class=\"vc_tta-panel-heading\"><h4 class=\"vc_tta-panel-title vc_tta-controls-icon-position-left\"><a href=\"#1650051010089-03b5d9c5-1781\" data-vc-accordion data-vc-container=\".vc_tta-container\"><span class=\"vc_tta-title-text\">Ausbildung und Qualifikationen im \u00dcberblick<\/span><i class=\"vc_tta-controls-icon vc_tta-controls-icon-plus\"><\/i><\/a><\/h4><\/div><div class=\"vc_tta-panel-body\">\n\t<div style=\"color:#6f69ce;font-family:Montserrat;font-size:14px;\" class=\"wpb_text_column has-custom-color wpex-child-inherit-color wpb_content_element \" >\n\t\t<div class=\"wpb_wrapper\">\n\t\t\t<ul>\n<li>Heilpraktikerin f\u00fcr Psychotherapie, i.A.<\/li>\n<li>Vertiefungsausbildung zur systemischen Einzel-, Paar-, Familientherapeutin an der GST, derzeit im Zertifizierungsverfahren durch den Dachverband DGSF (2020 bis 2021)<\/li>\n<li>Grundlagenausbildung zur systemischen Beraterin an der <a href=\"https:\/\/www.gstb.org\/\" target=\"_blank\" rel=\"noopener\">Gesellschaft f\u00fcr systemische Therapie und Beratung GST<\/a>, anerkannt durch den Dachverband <a href=\"https:\/\/www.dgsf.org\/\" target=\"_blank\" rel=\"noopener\">DGSF<\/a> (2018 bis 2020)<\/li>\n<li>Ausbildung zur <a href=\"https:\/\/www.fh-potsdam.de\/weiterbilden\/weiterbildungsangebote\/social-justice-und-diversity-training-2022-2023-online-kurs-14\/\" target=\"_blank\" rel=\"noopener\">Social Justice- und Diversity-Trainerin an der Fachhochschule Potsdam<\/a> (2015 bis 2017)<\/li>\n<li>Ausbildung zur Verhaltens- und Kommunikationstrainerin beim <a href=\"https:\/\/www.abfev.de\/start\/\" target=\"_blank\" rel=\"noopener\">ABF e.V.<\/a> (2013 bis 2014)<\/li>\n<li>M.A. Soziokulturelle Studien an der <a href=\"https:\/\/www.europa-uni.de\/de\/index.html\" target=\"_blank\" rel=\"noopener\">Europa-Universit\u00e4t Viadrina<\/a>, Frankfurt (Oder) (2009 bis 2012)<\/li>\n<li>B.A. Kulturwissenschaften an der Europa-Universit\u00e4t Viadrain, Frankfurt (Oder) (2005 bis 2008)<\/li>\n<\/ul>\n\n\t\t<\/div>\n\t<\/div>\n<\/div><\/div><\/div><\/div><\/div><\/div><\/div><\/div><\/div><\/div>\n","protected":false},"excerpt":{"rendered":"Mein Selbstverst\u00e4ndnis Mein Verst\u00e4ndnis systemsichen Arbeitens ist es, Menschen in ihrem jeweiligen Kontext auf Augenh\u00f6he zu begegnen. Das bedeutet f\u00fcr mich, in meiner Arbeit stets den Anspruch zu verfolgen, (verinnerlichte) gesellschaftliche Machtverh\u00e4ltnisse mit zu reflektieren und sensibel f\u00fcr Diskriminierungserfahrungen zu sein. Dabei begreife ich mich selbst stets als Lernende und sehe in meinen Klient*innen die&hellip;","protected":false},"author":1,"featured_media":0,"parent":0,"menu_order":0,"comment_status":"closed","ping_status":"closed","template":"","meta":{"footnotes":""},"class_list":["post-363","page","type-page","status-publish","hentry","entry","no-media"],"_links":{"self":[{"href":"https:\/\/henriettejankow.de\/de_de\/wp-json\/wp\/v2\/pages\/363","targetHints":{"allow":["GET"]}}],"collection":[{"href":"https:\/\/henriettejankow.de\/de_de\/wp-json\/wp\/v2\/pages"}],"about":[{"href":"https:\/\/henriettejankow.de\/de_de\/wp-json\/wp\/v2\/types\/page"}],"author":[{"embeddable":true,"href":"https:\/\/henriettejankow.de\/de_de\/wp-json\/wp\/v2\/users\/1"}],"replies":[{"embeddable":true,"href":"https:\/\/henriettejankow.de\/de_de\/wp-json\/wp\/v2\/comments?post=363"}],"version-history":[{"count":30,"href":"https:\/\/henriettejankow.de\/de_de\/wp-json\/wp\/v2\/pages\/363\/revisions"}],"predecessor-version":[{"id":702,"href":"https:\/\/henriettejankow.de\/de_de\/wp-json\/wp\/v2\/pages\/363\/revisions\/702"}],"wp:attachment":[{"href":"https:\/\/henriettejankow.de\/de_de\/wp-json\/wp\/v2\/media?parent=363"}],"curies":[{"name":"wp","href":"https:\/\/api.w.org\/{rel}","templated":true}]}}