{"id":178,"date":"2022-03-24T09:44:58","date_gmt":"2022-03-24T08:44:58","guid":{"rendered":"https:\/\/henriettejankow.de\/?page_id=178"},"modified":"2022-05-17T16:00:11","modified_gmt":"2022-05-17T14:00:11","slug":"paarberatung","status":"publish","type":"page","link":"https:\/\/henriettejankow.de\/en\/paarberatung\/","title":{"rendered":"Couples Counselling"},"content":{"rendered":"<div class=\"vc_row wpb_row vc_row-fluid vc_custom_1650368750478 wpex-relative wpex-vc_row-has-fill wpex-vc-reset-negative-margin\"><div class=\"wpb_column vc_column_container vc_col-sm-6\"><div class=\"vc_column-inner\"><div class=\"wpb_wrapper\"><style>.vcex-heading.vcex_69d8ee8a37b3f{color:#ffffff;font-size:35px;font-family:Montserrat;font-weight:500;}@media (max-width:1024px){.vcex-heading.vcex_69d8ee8a37b3f{font-size:35px;}}@media (max-width:959px){.vcex-heading.vcex_69d8ee8a37b3f{font-size:35px;}}@media (max-width:767px){.vcex-heading.vcex_69d8ee8a37b3f{font-size:25px;}}@media (max-width:479px){.vcex-heading.vcex_69d8ee8a37b3f{font-size:25px;}}<\/style><h2 class=\"vcex-heading vcex-heading-plain vcex-module wpex-heading wpex-text-2xl wpex-text-center vc_custom_1650394488150 vcex_69d8ee8a37b3f\"><span class=\"vcex-heading-inner wpex-inline-block\">Couples counselling \/ Couples therapy - creating and leading nourishing relationship<\/span><\/h2><div class=\"vc_separator wpb_content_element vc_separator_align_center vc_sep_width_100 vc_sep_pos_align_center vc_separator_no_text vc_sep_color_white vc_custom_1650368783617  vc_custom_1650368783617\" ><span class=\"vc_sep_holder vc_sep_holder_l\"><span  class=\"vc_sep_line\"><\/span><\/span><span class=\"vc_sep_holder vc_sep_holder_r\"><span  class=\"vc_sep_line\"><\/span><\/span>\n<\/div><div class=\"vcex-spacing wpex-w-100 wpex-clear\" style=\"height:15px;\"><\/div><style>.vcex_69d8ee8a39eff{font-size:18px!important;}@media (max-width:1024px){.vcex_69d8ee8a39eff{font-size:18px!important;}}@media (max-width:959px){.vcex_69d8ee8a39eff{font-size:18px!important;}}@media (max-width:767px){.vcex_69d8ee8a39eff{font-size:14px!important;}}@media (max-width:479px){.vcex_69d8ee8a39eff{font-size:14px!important;}}<\/style>\n\t<div style=\"color:#ffffff;font-family:Montserrat;\" class=\"wpb_text_column vcex_69d8ee8a39eff has-custom-color wpex-child-inherit-color wpb_content_element  vc_custom_1650394511048\" >\n\t\t<div class=\"wpb_wrapper\">\n\t\t\t<p><span style=\"font-size: 16px;\">You are in need of support in dealing with these or similar issues?<\/span><\/p>\n<ul>\n<li><span style=\"font-size: 16px;\">handling differences in what you need \/ different \"languages of love\" in your relationship<\/span><\/li>\n<li><span style=\"font-size: 16px;\">changes in how you relate to one another after incisive occurences (e.g. unemployment, bereavement, birth)<\/span><\/li>\n<li><span style=\"font-size: 16px;\">lack of intimacy, growing apart<\/span><\/li>\n<li><span style=\"font-size: 16px;\">seperation anxiety \/ seperation ambivalence<\/span><\/li>\n<li><span style=\"font-size: 16px;\">exploring different relationship concepts (open relationships, polyamory etc.)<\/span><\/li>\n<li><span style=\"font-size: 16px;\">wanting to have children \/ raising children in a queer family<\/span><\/li>\n<\/ul>\n\n\t\t<\/div>\n\t<\/div>\n<div class=\"vc_separator wpb_content_element vc_separator_align_center vc_sep_width_100 vc_sep_pos_align_center vc_separator_no_text vc_sep_color_white vc_custom_1650368805219  vc_custom_1650368805219\" ><span class=\"vc_sep_holder vc_sep_holder_l\"><span  class=\"vc_sep_line\"><\/span><\/span><span class=\"vc_sep_holder vc_sep_holder_r\"><span  class=\"vc_sep_line\"><\/span><\/span>\n<\/div><div class=\"vcex-spacing wpex-w-100 wpex-clear\" style=\"height:15px;\"><\/div>\n\t<div style=\"color:#ffffff;font-family:Montserrat;font-size:18px;\" class=\"wpb_text_column has-custom-color wpex-child-inherit-color wpb_content_element  vc_custom_1652796008099\" >\n\t\t<div class=\"wpb_wrapper\">\n\t\t\t<p class=\"translation-block\">Disagreements, conflicts and crises are an essential part of any relationship of any kind. In fact, they occur for good reasons. In addition to everything that is exhausting and difficult about the seemingly negative parts of relational life they bear <strong>great opportunities to grow<\/strong> - as a couple and individually<\/p>\n<p class=\"translation-block\">In couple counseling and therapy, I support you in <strong>(re)gaining contact with each other<\/strong>. In doing so, we explore the ways in which you <strong>communicate<\/strong> und what your <strong>expectations of one another<\/strong> and your <strong>respective needs<\/strong> are. On these grounds, we look at what <strong>changes are necessary and possible<\/strong> so that you can shape your current and future relationship in a way that feels <strong>nourishing<\/strong> for every partner. \nSometimes, the right solution for everyone maybe to <strong>transform the relationship<\/strong> entirely. Then it might be very helpful to have some <strong>guidance<\/strong> in how to go about &lt;strong&lt;seperation mindfully and respectfully<\/strong> in acknowledgement of the <strong>gift each partner gave<\/strong> to the other.<\/p>\n<p class=\"translation-block\">Sometimes, the right solution for everyone maybe to <strong>transform the relationship<\/strong> entirely. Then it might be very helpful to have some <strong>guidance<\/strong> in how to go about <strong>seperation mindfully and respectfully<\/strong> in acknowledgement of the <strong>gift each partner gave<\/strong> to the other.<\/p>\n\n\t\t<\/div>\n\t<\/div>\n<\/div><\/div><\/div><div class=\"wpb_column vc_column_container vc_col-sm-6\"><div class=\"vc_column-inner\"><div class=\"wpb_wrapper\"><style>.vcex-image.vcex_69d8ee8a3a697 .vcex-image-img{border-radius:20px;}<\/style><figure class=\"vcex-image vcex-module wpex-text-center vcex_69d8ee8a3a697\"><div class=\"vcex-image-inner wpex-relative wpex-inline-block vc_custom_1650368843732\"><img loading=\"lazy\" class=\"vcex-image-img wpex-align-middle wpex-shadow\" decoding=\"async\" src=\"https:\/\/henriettejankow.de\/wp-content\/uploads\/2022\/04\/pexels-anna-shvets-4672714-scaled-900x1200.jpg\" alt=\"\" width=\"900\" height=\"1200\"><\/div><\/figure><\/div><\/div><\/div><\/div><div class=\"vc_row wpb_row vc_row-fluid vc_custom_1649793232721 wpex-relative\"><div class=\"wpb_column vc_column_container vc_col-sm-4\"><div class=\"vc_column-inner\"><div class=\"wpb_wrapper\"><div class=\"vc_btn3-container vc_btn3-left vc_custom_1649793423333\" ><a class=\"vc_general vc_btn3 vc_btn3-size-md vc_btn3-shape-rounded vc_btn3-style-modern vc_btn3-icon-left vc_btn3-color-mulled-wine\" href=\"https:\/\/henriettejankow.de\/en\/systemische-therapie\/\" title=\"Systemic Therapy\"><i class=\"vc_btn3-icon fas fa-arrow-alt-circle-left\"><\/i> Systemic Therapy<\/a><\/div><\/div><\/div><\/div><div class=\"wpb_column vc_column_container vc_col-sm-4\"><div class=\"vc_column-inner\"><div class=\"wpb_wrapper\"><div class=\"vc_btn3-container vc_btn3-center vc_custom_1650536554350\" ><a class=\"vc_general vc_btn3 vc_btn3-size-md vc_btn3-shape-rounded vc_btn3-style-modern vc_btn3-color-grey\" href=\"https:\/\/henriettejankow.de\/en\/kontakt\/\" title=\"Get in touch\" rel=\"nofollow\">schedule a first free session to get to know one another<\/a><\/div><\/div><\/div><\/div><div class=\"wpb_column vc_column_container vc_col-sm-4\"><div class=\"vc_column-inner\"><div class=\"wpb_wrapper\"><div class=\"vc_btn3-container vc_btn3-right vc_custom_1650366324486\" ><a class=\"vc_general vc_btn3 vc_btn3-size-md vc_btn3-shape-rounded vc_btn3-style-modern vc_btn3-icon-right vc_btn3-color-mulled-wine\" href=\"https:\/\/henriettejankow.de\/en\/systemische-beratung\/\" title=\"Systemic Counselling\" rel=\"nofollow\">Systemic Counselling <i class=\"vc_btn3-icon fas fa-arrow-circle-right\"><\/i><\/a><\/div><\/div><\/div><\/div><\/div>","protected":false},"excerpt":{"rendered":"Paarberatung \/ Paartherapie \u2013 gl\u00fcckliche Beziehungen gelingend gestalten Sie w\u00fcnschen sich Begleitung im Umgang mit diesen oder \u00e4hnlichen Themen? Umgang mit unterschiedlichen Bed\u00fcrfnissen \/ \u201eSprachen der Liebe\u201c in der Partnerschaft Ver\u00e4nderungen in der Beziehung nach einschneidenden Ereignissen (z.B.: Arbeitslosigkeit, Trauerfall, Geburt) nachlassende Gef\u00fchle f\u00fcreinander (Entfremdung durch Beruf, Alltag, Familie) Entscheidungsfindung bei Trennungsangst \/ Trennungsambivalenz Gestaltung&hellip;","protected":false},"author":1,"featured_media":0,"parent":0,"menu_order":0,"comment_status":"closed","ping_status":"closed","template":"","meta":{"footnotes":""},"class_list":["post-178","page","type-page","status-publish","hentry","entry","no-media"],"_links":{"self":[{"href":"https:\/\/henriettejankow.de\/en\/wp-json\/wp\/v2\/pages\/178","targetHints":{"allow":["GET"]}}],"collection":[{"href":"https:\/\/henriettejankow.de\/en\/wp-json\/wp\/v2\/pages"}],"about":[{"href":"https:\/\/henriettejankow.de\/en\/wp-json\/wp\/v2\/types\/page"}],"author":[{"embeddable":true,"href":"https:\/\/henriettejankow.de\/en\/wp-json\/wp\/v2\/users\/1"}],"replies":[{"embeddable":true,"href":"https:\/\/henriettejankow.de\/en\/wp-json\/wp\/v2\/comments?post=178"}],"version-history":[{"count":30,"href":"https:\/\/henriettejankow.de\/en\/wp-json\/wp\/v2\/pages\/178\/revisions"}],"predecessor-version":[{"id":697,"href":"https:\/\/henriettejankow.de\/en\/wp-json\/wp\/v2\/pages\/178\/revisions\/697"}],"wp:attachment":[{"href":"https:\/\/henriettejankow.de\/en\/wp-json\/wp\/v2\/media?parent=178"}],"curies":[{"name":"wp","href":"https:\/\/api.w.org\/{rel}","templated":true}]}}