{"id":191,"date":"2022-03-24T10:26:25","date_gmt":"2022-03-24T09:26:25","guid":{"rendered":"https:\/\/henriettejankow.de\/?page_id=191"},"modified":"2022-04-26T09:53:19","modified_gmt":"2022-04-26T07:53:19","slug":"angebot","status":"publish","type":"page","link":"https:\/\/henriettejankow.de\/en\/angebot\/","title":{"rendered":"My offer"},"content":{"rendered":"<div class=\"vc_row wpb_row vc_row-fluid vc_custom_1650040289916 vc_row-o-content-middle vc_row-flex wpex-vc-full-width-row wpex-vc-full-width-row--centered wpex-relative wpex-vc-has-custom-column-spacing wpex-vc-column-spacing-60 wpex-vc_row-has-fill wpex-vc-reset-negative-margin\"><div class=\"wpb_column vc_column_container vc_col-sm-6\"><div class=\"vc_column-inner\"><div class=\"wpb_wrapper\"><style>.vcex-heading.vcex_69d8f01c291f2{color:#6f6c9e;font-size:40px;font-family:Montserrat;font-weight:500;}@media (max-width:1024px){.vcex-heading.vcex_69d8f01c291f2{font-size:40px;}}@media (max-width:959px){.vcex-heading.vcex_69d8f01c291f2{font-size:40px;}}@media (max-width:767px){.vcex-heading.vcex_69d8f01c291f2{font-size:30px;}}@media (max-width:479px){.vcex-heading.vcex_69d8f01c291f2{font-size:30px;}}<\/style><h2 class=\"vcex-heading vcex-heading-plain vcex-module wpex-heading wpex-text-2xl vcex_69d8f01c291f2\"><span class=\"vcex-heading-inner wpex-inline-block\">Working systemically is - above all - multifaceted!<\/span><\/h2><div class=\"vcex-spacing wpex-w-100 wpex-clear\" style=\"height:40px;\"><\/div>\n\t<div style=\"color:#6f6c9e;font-family:Montserrat;font-size:18px;\" class=\"wpb_text_column has-custom-color wpex-child-inherit-color wpb_content_element  wpex-antialiased\" >\n\t\t<div class=\"wpb_wrapper\">\n\t\t\t<p>Basically, the goal of all systemic work is to see problems and so-called 'symptoms' as an invitation for change and growth and to look for new solutions that make things easier and thus allow for a more balanced life.<\/p>\n<p>While in the field of systemic coaching we primarily focus on questions regarding your career and professional life, the boundaries between counseling and therapy are particularly fluid.  Changes never occur in a straight line. Sometimes we need to take a step forward, sometimes a look at where we came from and sometimes a reflection of where we're at. \nWhat change you want to approach, how you want to get there and at what pace is always up to you. It is my job to provide the impulses that support your journey.<\/p>\n\n\t\t<\/div>\n\t<\/div>\n<div class=\"vcex-spacing wpex-w-100 wpex-clear\" style=\"height:40px;\"><\/div><\/div><\/div><\/div><div class=\"wpb_column vc_column_container vc_col-sm-6\"><div class=\"vc_column-inner\"><div class=\"wpb_wrapper\"><div class=\"vcex-grid-container vcex-module wpex-grid wpex-gap-20 wpex-grid-cols-2\"><style>.vcex-image-banner.vcex_69d8f01c2bede .vcex-ib-title{font-family:Montserrat;font-weight:500;}.vcex-image-banner.vcex_69d8f01c2bede .vcex-ib-caption{font-family:Montserrat;}<\/style><a class=\"vcex-module vcex-image-banner vcex-image-banner-has-link wpex-no-underline wpex-flex wpex-flex-col wpex-w-100 wpex-justify-center wpex-relative wpex-overflow-hidden wpex-bg-gray-900 wpex-text-white wpex-hover-text-white wpex-mb-0 wpex-text-center vcex_69d8f01c2bede\" href=\"https:\/\/henriettejankow.de\/en\/systemische-beratung\/\" title=\"Systemic Counselling\"><span class=\"vcex-ib-img wpex-block wpex-transition-all wpex-duration-500 wpex-bg-cover wpex-absolute wpex-inset-0\" style=\"background-image:url(https:\/\/henriettejankow.de\/wp-content\/uploads\/2022\/03\/pexels-emiliano-arano-1298684-scaled-600x600.jpg);background-position:center center;\"><\/span><div class=\"vcex-ib-overlay wpex-absolute wpex-inset-0 wpex-transition-all wpex-duration-500\"><div class=\"vcex-ib-overlay-bg wpex-absolute wpex-inset-0 wpex-bg-black wpex-opacity-30\"><\/div><\/div><div class=\"vcex-ib-content-wrap wpex-w-100 wpex-transition-all wpex-duration-500 wpex-py-100 wpex-px-40 wpex-relative\"><div class=\"vcex-ib-content wpex-mx-auto\"><h1 class=\"vcex-ib-title wpex-heading wpex-inherit-color-important\">Systemic Counselling<\/h1><div class=\"vcex-ib-caption wpex-text-lg wpex-last-mb-0\">mastering your daily life again<\/div><\/div><\/div><\/a><style>.vcex-image-banner.vcex_69d8f01c2d573 .vcex-ib-title{font-family:Montserrat;font-weight:500;}<\/style><a class=\"vcex-module vcex-image-banner vcex-image-banner-has-link wpex-no-underline wpex-flex wpex-flex-col wpex-w-100 wpex-justify-center wpex-relative wpex-overflow-hidden wpex-bg-gray-900 wpex-text-white wpex-hover-text-white wpex-mb-0 wpex-text-center vcex_69d8f01c2d573\" href=\"https:\/\/henriettejankow.de\/en\/systemische-beratung\/\" title=\"Systemic Therapy\"><span class=\"vcex-ib-img wpex-block wpex-transition-all wpex-duration-500 wpex-bg-cover wpex-absolute wpex-inset-0\" style=\"background-image:url(https:\/\/henriettejankow.de\/wp-content\/uploads\/2022\/04\/pexels-dale-brooks-954662-scaled-600x600.jpg);background-position:center center;\"><\/span><div class=\"vcex-ib-overlay wpex-absolute wpex-inset-0 wpex-transition-all wpex-duration-500\"><div class=\"vcex-ib-overlay-bg wpex-absolute wpex-inset-0 wpex-bg-black wpex-opacity-30\"><\/div><\/div><div class=\"vcex-ib-content-wrap wpex-w-100 wpex-transition-all wpex-duration-500 wpex-py-100 wpex-px-40 wpex-relative\"><div class=\"vcex-ib-content wpex-mx-auto\"><h1 class=\"vcex-ib-title wpex-heading wpex-inherit-color-important\">Systemic Coaching<\/h1><div class=\"vcex-ib-caption wpex-text-lg wpex-last-mb-0\">exploring visions for your career<\/div><\/div><\/div><\/a><style>.vcex-image-banner.vcex_69d8f01c2e7ad .vcex-ib-title{font-family:Montserrat;font-weight:500;}.vcex-image-banner.vcex_69d8f01c2e7ad .vcex-ib-caption{font-family:Montserrat;}<\/style><a class=\"vcex-module vcex-image-banner vcex-image-banner-has-link wpex-no-underline wpex-flex wpex-flex-col wpex-w-100 wpex-justify-center wpex-relative wpex-overflow-hidden wpex-bg-gray-900 wpex-text-white wpex-hover-text-white wpex-mb-0 wpex-text-center vcex_69d8f01c2e7ad\" href=\"https:\/\/henriettejankow.de\/en\/systemische-therapie\/\" title=\"Systemic Therapy\"><span class=\"vcex-ib-img wpex-block wpex-transition-all wpex-duration-500 wpex-bg-cover wpex-absolute wpex-inset-0\" style=\"background-image:url(https:\/\/henriettejankow.de\/wp-content\/uploads\/2022\/04\/pexels-suzy-hazelwood-3631711-scaled-left-bottom-600x600.jpg);background-position:left left;\"><\/span><div class=\"vcex-ib-overlay wpex-absolute wpex-inset-0 wpex-transition-all wpex-duration-500\"><div class=\"vcex-ib-overlay-bg wpex-absolute wpex-inset-0 wpex-bg-black wpex-opacity-30\"><\/div><\/div><div class=\"vcex-ib-content-wrap wpex-w-100 wpex-transition-all wpex-duration-500 wpex-py-100 wpex-px-40 wpex-relative\"><div class=\"vcex-ib-content wpex-mx-auto\"><h1 class=\"vcex-ib-title wpex-heading wpex-inherit-color-important\">Systemic Therapy<\/h1><div class=\"vcex-ib-caption wpex-text-lg wpex-last-mb-0\">exploring your own story...and how to keep writing it<\/div><\/div><\/div><\/a><style>.vcex-image-banner.vcex_69d8f01c2f8f3 .vcex-ib-title{font-family:Montserrat;font-weight:500;}<\/style><a class=\"vcex-module vcex-image-banner vcex-image-banner-has-link wpex-no-underline wpex-flex wpex-flex-col wpex-w-100 wpex-justify-center wpex-relative wpex-overflow-hidden wpex-bg-gray-900 wpex-text-white wpex-hover-text-white wpex-mb-0 wpex-text-center vcex_69d8f01c2f8f3\" href=\"https:\/\/henriettejankow.de\/en\/paarberatung\/\" title=\"Couples Counselling\"><span class=\"vcex-ib-img wpex-block wpex-transition-all wpex-duration-500 wpex-bg-cover wpex-absolute wpex-inset-0\" style=\"background-image:url(https:\/\/henriettejankow.de\/wp-content\/uploads\/2022\/04\/pexels-anna-shvets-4672714-scaled-600x600.jpg);\"><\/span><div class=\"vcex-ib-overlay wpex-absolute wpex-inset-0 wpex-transition-all wpex-duration-500\"><div class=\"vcex-ib-overlay-bg wpex-absolute wpex-inset-0 wpex-bg-black wpex-opacity-30\"><\/div><\/div><div class=\"vcex-ib-content-wrap wpex-w-100 wpex-transition-all wpex-duration-500 wpex-py-100 wpex-px-40 wpex-relative\"><div class=\"vcex-ib-content wpex-mx-auto\"><h1 class=\"vcex-ib-title wpex-heading wpex-inherit-color-important\">Couples Counselling<\/h1><div class=\"vcex-ib-caption wpex-text-lg wpex-last-mb-0\">leading nourishing relationships<\/div><\/div><\/div><\/a><\/div><\/div><\/div><\/div><\/div>","protected":false},"excerpt":{"rendered":"Systemisches Arbeiten ist vor allem eins: ... vielf\u00e4ltig! Grunds\u00e4tzlich ist das Ziel aller systemischer Arbeit, Probleme und sogenannte \u201aSymptome\u2018 als Einladung f\u00fcr Ver\u00e4nderung und Wachstum zu betrachten und nach neuen L\u00f6sungen zu suchen, die die Dinge leicht(er) werden lassen und damit ein ausgewogeneres Leben erm\u00f6glichen. W\u00e4hrend wir uns im Coaching vornehmlich mit Fragen der beruflichen&hellip;","protected":false},"author":1,"featured_media":0,"parent":0,"menu_order":0,"comment_status":"closed","ping_status":"closed","template":"","meta":{"footnotes":""},"class_list":["post-191","page","type-page","status-publish","hentry","entry","no-media"],"_links":{"self":[{"href":"https:\/\/henriettejankow.de\/en\/wp-json\/wp\/v2\/pages\/191","targetHints":{"allow":["GET"]}}],"collection":[{"href":"https:\/\/henriettejankow.de\/en\/wp-json\/wp\/v2\/pages"}],"about":[{"href":"https:\/\/henriettejankow.de\/en\/wp-json\/wp\/v2\/types\/page"}],"author":[{"embeddable":true,"href":"https:\/\/henriettejankow.de\/en\/wp-json\/wp\/v2\/users\/1"}],"replies":[{"embeddable":true,"href":"https:\/\/henriettejankow.de\/en\/wp-json\/wp\/v2\/comments?post=191"}],"version-history":[{"count":21,"href":"https:\/\/henriettejankow.de\/en\/wp-json\/wp\/v2\/pages\/191\/revisions"}],"predecessor-version":[{"id":678,"href":"https:\/\/henriettejankow.de\/en\/wp-json\/wp\/v2\/pages\/191\/revisions\/678"}],"wp:attachment":[{"href":"https:\/\/henriettejankow.de\/en\/wp-json\/wp\/v2\/media?parent=191"}],"curies":[{"name":"wp","href":"https:\/\/api.w.org\/{rel}","templated":true}]}}