{"id":193,"date":"2022-03-24T10:30:53","date_gmt":"2022-03-24T09:30:53","guid":{"rendered":"https:\/\/henriettejankow.de\/?page_id=193"},"modified":"2022-12-06T10:28:22","modified_gmt":"2022-12-06T09:28:22","slug":"konditionen","status":"publish","type":"page","link":"https:\/\/henriettejankow.de\/en\/konditionen\/","title":{"rendered":"Pricing and conditions"},"content":{"rendered":"<div data-vc-full-width=\"true\" data-vc-full-width-init=\"false\" class=\"vc_row wpb_row vc_row-fluid vc_custom_1650959759198 wpex-relative wpex-vc_row-has-fill wpex-vc-row-stretched\"><div class=\"wpb_column vc_column_container vc_col-sm-12\"><div class=\"vc_column-inner\"><div class=\"wpb_wrapper\"><\/div><\/div><\/div><\/div><div class=\"vc_row-full-width vc_clearfix\"><\/div><div class=\"vc_row wpb_row vc_row-fluid vc_custom_1650051739345 wpex-relative\"><div class=\"wpb_column vc_column_container vc_col-sm-12\"><div class=\"vc_column-inner\"><div class=\"wpb_wrapper\"><\/div><\/div><\/div><\/div><div class=\"vc_row wpb_row vc_row-fluid vc_custom_1650377734221 wpex-relative\"><div class=\"wpb_column vc_column_container vc_col-sm-12\"><div class=\"vc_column-inner\"><div class=\"wpb_wrapper\">\n\t<div style=\"color:#6f69ce;font-family:Montserrat;font-size:18px;\" class=\"wpb_text_column has-custom-color wpex-child-inherit-color wpb_content_element  vc_custom_1670318852669\" >\n\t\t<div class=\"wpb_wrapper\">\n\t\t\t<p style=\"text-align: left;\"><span style=\"font-size: 18px;\">Das Honorar f\u00fcr meine Leistungen wird mit Ihnen privat abgerechnet.<br \/><\/span><span style=\"font-size: 18px;\">Durch meine Zulassung als Heilpraktikerin f\u00fcr Psychotherapie besteht f\u00fcr privat Krankenversicherte die M\u00f6glichkeit, die Kosten f\u00fcr therapeutische Leistungen bei ihrer Krankenkasse oder ihrer Zusatzversicherung geltend zu machen. Die gesetzlichen Krankenkassen erstatten meine Leistungen nicht.<\/p>\n<p><\/span><span style=\"font-size: 18px;\">Kosten f\u00fcr Beratung und Coaching in beruflichen Fragen sind i.d.R. als Werbungskosten von der Steuer absetzbar. <\/span><\/p>\n<p style=\"text-align: left;\" class=\"translation-block\">I conduct <strong>first sessions at no charge<\/strong>. That way you will have the opportunity to get to know me and my way of working and to check for yourself whether you feel that your questions are in good hands with me.<\/p>\n<p style=\"text-align: left;\"><span style=\"font-size: 18px;\"><br \/>Below you find an overview of my fee rate for the respective offer:<\/span><\/p>\n\n\t\t<\/div>\n\t<\/div>\n\n\t<div style=\"font-family:Montserrat;font-size:18px;\" class=\"wpb_text_column wpb_content_element  vc_custom_1650396021192\" >\n\t\t<div class=\"wpb_wrapper\">\n\t\t\t\n<table id=\"tablepress-1\" class=\"tablepress tablepress-id-1 tbody-has-connected-cells\">\n<tbody class=\"row-striping row-hover\">\n<tr class=\"row-1\">\n\t<td class=\"column-1\">preliminary talk via phone<\/td><td class=\"column-2\">ca. 15 minutes<\/td><td class=\"column-3\">free of charge<\/td>\n<\/tr>\n<tr class=\"row-2\">\n\t<td class=\"column-1\">first session to clarify goals and expectations<\/td><td class=\"column-2\">ca. 45 minutes<\/td><td class=\"column-3\">free of charge<\/td>\n<\/tr>\n<tr class=\"row-3\">\n\t<td class=\"column-1\">individual session (counselling, coaching, therapy)<\/td><td class=\"column-2\">60 minutes<\/td><td class=\"column-3\">90 \u20ac<\/td>\n<\/tr>\n<tr class=\"row-4\">\n\t<td class=\"column-1\">individual session (counselling, coaching, therapy)<\/td><td class=\"column-2\">90 minutes <\/td><td class=\"column-3\">130 \u20ac<\/td>\n<\/tr>\n<tr class=\"row-5\">\n\t<td class=\"column-1\">couples session<\/td><td class=\"column-2\">90 minutes <\/td><td class=\"column-3\">130 \u20ac<\/td>\n<\/tr>\n<tr class=\"row-6\">\n\t<td class=\"column-1\">session with more than two people <\/td><td colspan=\"2\" class=\"column-2\">to be determined individually<\/td>\n<\/tr>\n<\/tbody>\n<\/table>\n<!-- #tablepress-1 from cache -->\n<p><\/p>\n\n\t\t<\/div>\n\t<\/div>\n\n\t<div style=\"color:#6f69ce;font-family:Montserrat;font-size:18px;\" class=\"wpb_text_column has-custom-color wpex-child-inherit-color wpb_content_element  vc_custom_1650537907273\" >\n\t\t<div class=\"wpb_wrapper\">\n\t\t\t<p><span style=\"font-size: 18px;\">Individually customized arrangements are possible under certain conditions. Please feel free to contact me.<br \/>\n<\/span><\/p>\n\n\t\t<\/div>\n\t<\/div>\n<div class=\"vc_separator wpb_content_element vc_separator_align_center vc_sep_width_100 vc_sep_pos_align_center vc_separator_no_text vc_sep_color_grey vc_custom_1650377801176  vc_custom_1650377801176\" ><span class=\"vc_sep_holder vc_sep_holder_l\"><span  class=\"vc_sep_line\"><\/span><\/span><span class=\"vc_sep_holder vc_sep_holder_r\"><span  class=\"vc_sep_line\"><\/span><\/span>\n<\/div><\/div><\/div><\/div><\/div><div class=\"vc_row wpb_row vc_row-fluid vc_custom_1650377707377 wpex-relative\"><div class=\"wpb_column vc_column_container vc_col-sm-12\"><div class=\"vc_column-inner\"><div class=\"wpb_wrapper\">\n\t<div style=\"color:#6f69ce;font-family:Montserrat;\" class=\"wpb_text_column has-custom-color wpex-child-inherit-color wpb_content_element  vc_custom_1650537665123\" >\n\t\t<div class=\"wpb_wrapper\">\n\t\t\t<p style=\"text-align: center;\"><strong><span style=\"font-size: 18px;\">Please be aware of the 48-hour rule when canceling appointments.<br \/>\n<\/span><\/strong><\/p>\n<p><span style=\"font-size: 18px;\"><span style=\"font-size: 16px;\">Surely you understand that appointments made with you are reserved exclusively for you. Accordingly, they are fully chargeable if they are not canceled at least 48 hours in advance by email or phone call.<\/span> <\/span><\/p>\n\n\t\t<\/div>\n\t<\/div>\n<\/div><\/div><\/div><\/div>","protected":false},"excerpt":{"rendered":"Das Honorar f\u00fcr meine Leistungen wird mit Ihnen privat abgerechnet.Durch meine Zulassung als Heilpraktikerin f\u00fcr Psychotherapie besteht f\u00fcr privat Krankenversicherte die M\u00f6glichkeit, die Kosten f\u00fcr therapeutische Leistungen bei ihrer Krankenkasse oder ihrer Zusatzversicherung geltend zu machen. Die gesetzlichen Krankenkassen erstatten meine Leistungen nicht. Kosten f\u00fcr Beratung und Coaching in beruflichen Fragen sind i.d.R. als Werbungskosten&hellip;","protected":false},"author":1,"featured_media":0,"parent":0,"menu_order":0,"comment_status":"closed","ping_status":"closed","template":"","meta":{"footnotes":""},"class_list":["post-193","page","type-page","status-publish","hentry","entry","no-media"],"_links":{"self":[{"href":"https:\/\/henriettejankow.de\/en\/wp-json\/wp\/v2\/pages\/193","targetHints":{"allow":["GET"]}}],"collection":[{"href":"https:\/\/henriettejankow.de\/en\/wp-json\/wp\/v2\/pages"}],"about":[{"href":"https:\/\/henriettejankow.de\/en\/wp-json\/wp\/v2\/types\/page"}],"author":[{"embeddable":true,"href":"https:\/\/henriettejankow.de\/en\/wp-json\/wp\/v2\/users\/1"}],"replies":[{"embeddable":true,"href":"https:\/\/henriettejankow.de\/en\/wp-json\/wp\/v2\/comments?post=193"}],"version-history":[{"count":39,"href":"https:\/\/henriettejankow.de\/en\/wp-json\/wp\/v2\/pages\/193\/revisions"}],"predecessor-version":[{"id":712,"href":"https:\/\/henriettejankow.de\/en\/wp-json\/wp\/v2\/pages\/193\/revisions\/712"}],"wp:attachment":[{"href":"https:\/\/henriettejankow.de\/en\/wp-json\/wp\/v2\/media?parent=193"}],"curies":[{"name":"wp","href":"https:\/\/api.w.org\/{rel}","templated":true}]}}