{"id":243,"date":"2022-04-12T14:02:27","date_gmt":"2022-04-12T12:02:27","guid":{"rendered":"https:\/\/henriettejankow.de\/?page_id=243"},"modified":"2022-04-22T12:15:26","modified_gmt":"2022-04-22T10:15:26","slug":"kontakt","status":"publish","type":"page","link":"https:\/\/henriettejankow.de\/en\/kontakt\/","title":{"rendered":"Get in touch"},"content":{"rendered":"<div class=\"vc_row wpb_row vc_row-fluid wpex-relative\"><div class=\"wpb_column vc_column_container vc_col-sm-12\"><div class=\"vc_column-inner\"><div class=\"wpb_wrapper\">\n\t<div  class=\"wpb_single_image wpb_content_element vc_align_center\">\n\t\t\n\t\t<figure class=\"wpb_wrapper vc_figure\">\n\t\t\t<div class=\"vc_single_image-wrapper   vc_box_border_grey\"><img class=\"vc_single_image-img\" src=\"https:\/\/henriettejankow.de\/wp-content\/uploads\/2022\/04\/pexels-markus-spiske-105003-scaled-1200x600.jpg\" width=\"1200\" height=\"600\" alt=\"pexels-markus-spiske-105003\" title=\"pexels-markus-spiske-105003\" \/><\/div>\n\t\t<\/figure>\n\t<\/div>\n<div class=\"vc_separator wpb_content_element vc_separator_align_center vc_sep_width_100 vc_sep_pos_align_center vc_separator_no_text vc_sep_color_grey vc_custom_1649775807545  vc_custom_1649775807545\" ><span class=\"vc_sep_holder vc_sep_holder_l\"><span  class=\"vc_sep_line\"><\/span><\/span><span class=\"vc_sep_holder vc_sep_holder_r\"><span  class=\"vc_sep_line\"><\/span><\/span>\n<\/div>\n\t<div style=\"color:rgba(0,0,0,0.8);font-family:Montserrat;\" class=\"wpb_text_column has-custom-color wpex-child-inherit-color wpb_content_element  vc_custom_1650394857549\" >\n\t\t<div class=\"wpb_wrapper\">\n\t\t\t<p style=\"text-align: center;\"><span style=\"font-size: 18px;\">Do you have any questions or would like to make an appointment?<\/span><\/p>\n<p style=\"text-align: center;\"><span style=\"font-size: 18px;\">Give me a call at<strong> 0176 &#8211; 2158 2650<\/strong><br \/>\n<\/span><\/p>\n<p style=\"text-align: center;\"><span style=\"font-size: 18px;\">or use the contact form below:<br \/>\n<\/span><\/p>\n\n\t\t<\/div>\n\t<\/div>\n<style>.vcex-contact-form.vcex_69d8eb0ccac38{max-width:900px;}<\/style><div class=\"vcex-contact-form wpex-form-modern wpex-mx-auto vc_custom_1650622285229 vcex_69d8eb0ccac38\" data-ajaxurl=\"https:\/\/henriettejankow.de\/wp-admin\/admin-ajax.php\" data-notice-success=\"Ihre Nachricht wurde gesendet.\" data-notice-error=\"Ihre Nachricht konnte nicht gesendet werden.\" data-nonce=\"bf215afc00\"><form class=\"vcex-contact-form__form\" action=\"\"><div class=\"vcex-contact-form__fields wpex-mb-15 wpex-flex wpex-flex-col wpex-gap-15\"><div class=\"vcex-contact-form__name wpex-flex-grow\"><label class=\"screen-reader-text\" for=\"vcex-contact-form__69d8eb0ccacdc-name\">Name<sup class=\"vcex-contact-form__required\">*<\/sup><\/label><input class=\"vcex-contact-form__input wpex-w-100\" type=\"text\" id=\"vcex-contact-form__69d8eb0ccacdc-name\" name=\"vcex_cf_name\" required placeholder=\"your name\"><\/div><div class=\"vcex-contact-form__email wpex-flex-grow\"><label class=\"screen-reader-text\" for=\"vcex-contact-form__69d8eb0ccacdc-email\">Email-Adresse<sup class=\"vcex-contact-form__required\">*<\/sup><\/label><input class=\"vcex-contact-form__input wpex-w-100\" type=\"email\" id=\"vcex-contact-form__69d8eb0ccacdc-email\" name=\"vcex_cf_email\" required placeholder=\"your email address\"><\/div><\/div><div class=\"vcex-contact-form__message wpex-mb-15\"><label class=\"screen-reader-text\" for=\"vcex-contact-form__69d8eb0ccacdc-message\">your message<\/label><textarea rows=\"8\" class=\"vcex-contact-form__textarea wpex-align-top wpex-w-100\" id=\"vcex-contact-form__69d8eb0ccacdc-message\" name=\"vcex_cf_message\" required placeholder=\"your message\"><\/textarea><\/div><div class=\"vcex-contact-form__privacy wpex-flex wpex-items-center wpex-gap-5 wpex-mb-15\"><input type=\"checkbox\" class=\"vcex-contact-form__checkbox\" id=\"vcex-contact-form__69d8eb0ccacdc-privacy\" name=\"vcex_cf_privacy\" required><label class=\"vcex-contact-form__label wpex-block translation-block\" for=\"vcex-contact-form__69d8eb0ccacdc-privacy\"><label class=\"vcex-contact-form__label wpex-block\" for=\"vcex-contact-form__627e628ab2dc5-privacy\">I have read and accept the <a href=\"https:\/\/henriettejankow.de\/en\/datenschutz\/\" target=\"_blank\" rel=\"noopener noreferrer\">privacy policy<\/a> zu. <\/label><\/label><\/div><button class=\"vcex-contact-form__submit vcex-contact-form__submit--full theme-button\">send<\/button><div class=\"vcex-contact-form__spinner wpex-mt-15 wpex-hidden\"><svg height=\"20\" width=\"20\" viewbox=\"0 0 36 36\" xmlns=\"http:\/\/www.w3.org\/2000\/svg\"><circle cx=\"18\" cy=\"18\" r=\"18\" fill=\"#a2a2a2\" fill-opacity=\".5\"\/><circle cx=\"18\" cy=\"8\" r=\"4\" fill=\"#fff\"><animatetransform attributename=\"transform\" dur=\"1100ms\" from=\"0 18 18\" repeatcount=\"indefinite\" to=\"360 18 18\" type=\"rotate\"\/><\/circle><\/svg><\/div><div class=\"vcex-contact-form__notice wpex-hidden wpex-alert wpex-mt-15 wpex-mb-0\"><\/div><input type=\"hidden\" name=\"trp-form-language\" value=\"en\"\/><\/form><div class=\"vcex-contact-form__overlay wpex-hidden\"><\/div><\/div><\/div><\/div><\/div><\/div><div class=\"vc_row wpb_row vc_row-fluid vc_custom_1650378365245 wpex-relative wpex-vc_row-has-fill wpex-vc-reset-negative-margin\"><div class=\"wpb_column vc_column_container vc_col-sm-4\"><div class=\"vc_column-inner\"><div class=\"wpb_wrapper\"><div class=\"wpb_gmaps_widget wpb_content_element vc_custom_1650378293322\"><div class=\"wpb_wrapper\"><div class=\"wpb_map_wraper\"><iframe src=\"https:\/\/www.google.com\/maps\/embed?pb=!1m18!1m12!1m3!1d2430.730008593831!2d13.434998715100633!3d52.46591694798934!2m3!1f0!2f0!3f0!3m2!1i1024!2i768!4f13.1!3m3!1m2!1s0x47a84f9cff3ab6f1%3A0x6f0e1743acdf8043!2sKranoldpl.%207%2C%2012051%20Berlin!5e0!3m2!1sde!2sde!4v1649765345674!5m2!1sde!2sde\" width=\"600\" height=\"450\" style=\"border:0;\" allowfullscreen=\"\" loading=\"lazy\" referrerpolicy=\"no-referrer-when-downgrade\"><\/iframe><\/div><\/div><\/div><\/div><\/div><\/div><div class=\"wpb_column vc_column_container vc_col-sm-4\"><div class=\"vc_column-inner\"><div class=\"wpb_wrapper\"><style>.vcex-heading.vcex_69d8eb0ccc53b{font-family:Montserrat;}<\/style><h3 class=\"vcex-heading vcex-heading-plain vcex-module wpex-heading wpex-text-2xl vc_custom_1650394938429 vcex_69d8eb0ccc53b\"><span class=\"vcex-heading-inner wpex-inline-block\">Location<\/span><\/h3><div class=\"vc_separator wpb_content_element vc_separator_align_center vc_sep_width_100 vc_sep_pos_align_center vc_separator_no_text vc_sep_color_black vc_custom_1650397268503  vc_custom_1650397268503\" ><span class=\"vc_sep_holder vc_sep_holder_l\"><span  class=\"vc_sep_line\"><\/span><\/span><span class=\"vc_sep_holder vc_sep_holder_r\"><span  class=\"vc_sep_line\"><\/span><\/span>\n<\/div>\n\t<div style=\"color:#3a3a3a;font-family:Montserrat;\" class=\"wpb_text_column has-custom-color wpex-child-inherit-color wpb_content_element\" >\n\t\t<div class=\"wpb_wrapper\">\n\t\t\t<p class=\"translation-block\">Sessions take place in my practice<\/p>\n<p class=\"translation-block\">at <strong>Kranoldplatz 7, 12051 Berlin-Neuk\u00f6lln<\/strong><\/p>\n<p class=\"translation-block\">or <strong>remote as videocall<\/strong><\/p>\n\n\t\t<\/div>\n\t<\/div>\n<div class=\"vcex-spacing wpex-w-100 wpex-clear\" style=\"height:15px;\"><\/div><div class=\"vcex-spacing wpex-w-100 wpex-clear\" style=\"height:15px;\"><\/div><style>.vcex-list_item.vcex_69d8eb0cccfce{font-family:Montserrat;color:#000000;}<\/style><div class=\"vcex-list_item vcex-module wpex-m-0 wpex-max-w-100 wpex-mb-5 vcex_69d8eb0cccfce\"><div class=\"vcex-list-item-inner wpex-inline-flex wpex-flex-no-wrap\"><div class=\"vcex-list-item-icon wpex-mr-10\"><div class=\"vcex-list-item-icon-inner vcex-icon-wrap wpex-inline-flex wpex-justify-center wpex-items-center wpex-leading-none wpex-child-inherit-color\"><span class=\"wpex-icon--w wpex-icon\" aria-hidden=\"true\"><svg xmlns=\"http:\/\/www.w3.org\/2000\/svg\" viewbox=\"0 0 448 512\"><path d=\"M64 32C28.7 32 0 60.7 0 96V416c0 35.3 28.7 64 64 64H384c35.3 0 64-28.7 64-64V96c0-35.3-28.7-64-64-64H64zm90.7 96.7c9.7-2.6 19.9 2.3 23.7 11.6l20 48c3.4 8.2 1 17.6-5.8 23.2L168 231.7c16.6 35.2 45.1 63.7 80.3 80.3l20.2-24.7c5.6-6.8 15-9.2 23.2-5.8l48 20c9.3 3.9 14.2 14 11.6 23.7l-12 44C336.9 378 329 384 320 384C196.3 384 96 283.7 96 160c0-9 6-16.9 14.7-19.3l44-12z\"\/><\/svg><\/span><\/div><\/div><div class=\"vcex-list-item-text vcex-content wpex-flex-grow\">0176 &#8211; 2158 2650<\/div><\/div><\/div><style>.vcex-list_item.vcex_69d8eb0ccd575{font-family:Montserrat;color:#000000;}<\/style><div class=\"vcex-list_item vcex-module wpex-m-0 wpex-max-w-100 wpex-mb-5 vcex_69d8eb0ccd575\"><a href=\"mailto:hel&#108;&#111;&#064;&#104;&#101;n&#114;i&#101;&#116;&#116;eja&#110;ko&#119;.d&#101;\" class=\"vcex-list-item-link wpex-no-underline wpex-inherit-color\"><div class=\"vcex-list-item-inner wpex-inline-flex wpex-flex-no-wrap\"><div class=\"vcex-list-item-icon wpex-mr-10\"><div class=\"vcex-list-item-icon-inner vcex-icon-wrap wpex-inline-flex wpex-justify-center wpex-items-center wpex-leading-none wpex-child-inherit-color\"><span class=\"wpex-icon--w wpex-icon\" aria-hidden=\"true\"><svg xmlns=\"http:\/\/www.w3.org\/2000\/svg\" viewbox=\"0 0 512 512\"><path d=\"M48 64C21.5 64 0 85.5 0 112c0 15.1 7.1 29.3 19.2 38.4L236.8 313.6c11.4 8.5 27 8.5 38.4 0L492.8 150.4c12.1-9.1 19.2-23.3 19.2-38.4c0-26.5-21.5-48-48-48H48zM0 176V384c0 35.3 28.7 64 64 64H448c35.3 0 64-28.7 64-64V176L294.4 339.2c-22.8 17.1-54 17.1-76.8 0L0 176z\"\/><\/svg><\/span><\/div><\/div><div class=\"vcex-list-item-text vcex-content wpex-flex-grow\">&#104;&#101;ll&#111;&#64;&#104;&#101;nr&#105;et&#116;&#101;&#106;a&#110;k&#111;w.d&#101;<\/div><\/div><\/a><\/div><\/div><\/div><\/div><div class=\"wpb_column vc_column_container vc_col-sm-4\"><div class=\"vc_column-inner\"><div class=\"wpb_wrapper\"><style>.vcex-heading.vcex_69d8eb0ccdea8{font-family:Montserrat;}<\/style><div class=\"vcex-heading vcex-heading-plain vcex-module wpex-heading wpex-text-2xl vc_custom_1650394976663 vcex_69d8eb0ccdea8\"><span class=\"vcex-heading-inner wpex-inline-block\">consulting hours<\/span><\/div><div class=\"vc_separator wpb_content_element vc_separator_align_center vc_sep_width_100 vc_sep_pos_align_center vc_separator_no_text vc_sep_color_black vc_custom_1650397278669  vc_custom_1650397278669\" ><span class=\"vc_sep_holder vc_sep_holder_l\"><span  class=\"vc_sep_line\"><\/span><\/span><span class=\"vc_sep_holder vc_sep_holder_r\"><span  class=\"vc_sep_line\"><\/span><\/span>\n<\/div>\n\t<div style=\"color:#000000;font-family:Montserrat;\" class=\"wpb_text_column has-custom-color wpex-child-inherit-color wpb_content_element  vc_custom_1650622397276\" >\n\t\t<div class=\"wpb_wrapper\">\n\t\t\t<p><strong>in person sessions in my practice<\/strong><\/p>\n<table style=\"border-collapse: collapse; width: 100%;\">\n<tbody>\n<tr>\n<td style=\"width: 50%;\">thursdays<\/td>\n<td style=\"width: 50%;\">08:00 am until 03:00 pm<\/td>\n<\/tr>\n<tr>\n<td style=\"width: 50%;\">fridays<\/td>\n<td style=\"width: 50%;\">02:00 pm until 07:00 pm<\/td>\n<\/tr>\n<\/tbody>\n<\/table>\n\n\t\t<\/div>\n\t<\/div>\n<div class=\"vcex-spacing wpex-w-100 wpex-clear\" style=\"height:15px;\"><\/div><div class=\"vcex-spacing wpex-w-100 wpex-clear\" style=\"height:15px;\"><\/div>\n\t<div style=\"color:#000000;font-family:Montserrat;\" class=\"wpb_text_column has-custom-color wpex-child-inherit-color wpb_content_element  vc_custom_1650622383885\" >\n\t\t<div class=\"wpb_wrapper\">\n\t\t\t<p><strong>additional hours for sessions via videocall<\/strong><\/p>\n<table style=\"border-collapse: collapse; width: 100%;\">\n<tbody>\n<tr>\n<td style=\"width: 50%;\">wednesdays<\/td>\n<td style=\"width: 50%;\">02:00 pm until 07:00 pm<\/td>\n<\/tr>\n<tr>\n<td style=\"width: 50%;\">fridays<\/td>\n<td style=\"width: 50%;\">08:00 am until 01:00 pm<\/td>\n<\/tr>\n<\/tbody>\n<\/table>\n\n\t\t<\/div>\n\t<\/div>\n<\/div><\/div><\/div><\/div>","protected":false},"excerpt":{"rendered":"Sie haben Fragen oder m\u00f6chten einen Termin vereinbaren? Rufen Sie mich an 0176 - 2158 2650 oder nutzen Sie das untenstehende Kontaktformular Name*Email-Adresse*NachrichtIch stimme der Datenschutzerkl\u00e4rung zu. sendenR\u00e4umlichkeiten Die Beratungs-, Coachings- oder Therapiesitzungen finden in meinen Praxisr\u00e4umen am Kranoldplatz 7, 12051 Berlin-Neuk\u00f6lln oder remote als Videocall statt. 0176 - 2158 2650&#104;e&#108;lo&#64;he&#110;&#114;&#105;&#101;t&#116;&#101;&#106;a&#110;&#107;ow&#46;d&#101;Sprechzeiten Praxiszeiten: donnerstags 08:00 bis&hellip;","protected":false},"author":1,"featured_media":0,"parent":0,"menu_order":0,"comment_status":"closed","ping_status":"closed","template":"","meta":{"footnotes":""},"class_list":["post-243","page","type-page","status-publish","hentry","entry","no-media"],"_links":{"self":[{"href":"https:\/\/henriettejankow.de\/en\/wp-json\/wp\/v2\/pages\/243","targetHints":{"allow":["GET"]}}],"collection":[{"href":"https:\/\/henriettejankow.de\/en\/wp-json\/wp\/v2\/pages"}],"about":[{"href":"https:\/\/henriettejankow.de\/en\/wp-json\/wp\/v2\/types\/page"}],"author":[{"embeddable":true,"href":"https:\/\/henriettejankow.de\/en\/wp-json\/wp\/v2\/users\/1"}],"replies":[{"embeddable":true,"href":"https:\/\/henriettejankow.de\/en\/wp-json\/wp\/v2\/comments?post=243"}],"version-history":[{"count":23,"href":"https:\/\/henriettejankow.de\/en\/wp-json\/wp\/v2\/pages\/243\/revisions"}],"predecessor-version":[{"id":669,"href":"https:\/\/henriettejankow.de\/en\/wp-json\/wp\/v2\/pages\/243\/revisions\/669"}],"wp:attachment":[{"href":"https:\/\/henriettejankow.de\/en\/wp-json\/wp\/v2\/media?parent=243"}],"curies":[{"name":"wp","href":"https:\/\/api.w.org\/{rel}","templated":true}]}}